{"id":1421,"date":"2025-08-14T08:14:21","date_gmt":"2025-08-14T08:14:21","guid":{"rendered":"https:\/\/lyorobots.com\/?post_type=product&#038;p=1421"},"modified":"2025-08-14T08:18:05","modified_gmt":"2025-08-14T08:18:05","slug":"valve-de-regulation-de-pression-harvest-right","status":"publish","type":"product","link":"https:\/\/lyo-robots.eu\/it\/prodotto\/valve-de-regulation-de-pression-harvest-right\/","title":{"rendered":"Valvola di regolazione della pressione - Harvest Right"},"content":{"rendered":"<div data-elementor-type=\"product-post\" data-elementor-id=\"1421\" class=\"elementor elementor-1421\" data-elementor-settings=\"{&quot;ha_cmc_init_switcher&quot;:&quot;no&quot;}\" data-elementor-post-type=\"product\">\n\t\t\t\t<div class=\"elementor-element elementor-element-633bdab e-con-full e-flex e-con e-parent\" data-id=\"633bdab\" data-element_type=\"container\" data-e-type=\"container\" data-settings=\"{&quot;background_background&quot;:&quot;classic&quot;,&quot;_ha_eqh_enable&quot;:false}\">\n\t\t<div class=\"elementor-element elementor-element-d853348 e-flex e-con-boxed e-con e-child\" data-id=\"d853348\" data-element_type=\"container\" data-e-type=\"container\" data-settings=\"{&quot;_ha_eqh_enable&quot;:false}\">\n\t\t\t\t\t<div class=\"e-con-inner\">\n\t\t\t\t<div class=\"elementor-element elementor-element-939c825 elementor-widget elementor-widget-heading\" data-id=\"939c825\" data-element_type=\"widget\" data-e-type=\"widget\" data-widget_type=\"heading.default\">\n\t\t\t\t\t<h2 class=\"elementor-heading-title elementor-size-default\">Perch\u00e9 usarlo?<\/h2>\t\t\t\t<\/div>\n\t\t\t\t<div class=\"elementor-element elementor-element-100f1cb elementor-widget__width-initial elementor-widget elementor-widget-n-accordion\" data-id=\"100f1cb\" data-element_type=\"widget\" data-e-type=\"widget\" data-settings=\"{&quot;default_state&quot;:&quot;expanded&quot;,&quot;max_items_expended&quot;:&quot;one&quot;,&quot;n_accordion_animation_duration&quot;:{&quot;unit&quot;:&quot;ms&quot;,&quot;size&quot;:400,&quot;sizes&quot;:[]}}\" data-widget_type=\"nested-accordion.default\">\n\t\t\t\t\t\t\t<div class=\"e-n-accordion\" aria-label=\"Fisarmonica. Aprite i collegamenti con Invio o Spazio, chiudeteli con Escape e navigate con i tasti freccia.\">\n\t\t\t\t\t\t<details id=\"e-n-accordion-item-1680\" class=\"e-n-accordion-item\" open>\n\t\t\t\t<summary class=\"e-n-accordion-item-title\" data-accordion-index=\"1\" tabindex=\"0\" aria-expanded=\"true\" aria-controls=\"e-n-accordion-item-1680\" >\n\t\t\t\t\t<span class='e-n-accordion-item-title-header'><div class=\"e-n-accordion-item-title-text\"> Ingresso aria pulita <\/div><\/span>\n\t\t\t\t\t\t\t<span class='e-n-accordion-item-title-icon'>\n\t\t\t<span class='e-opened' ><svg aria-hidden=\"true\" class=\"e-font-icon-svg e-fas-arrow-circle-down\" viewbox=\"0 0 512 512\" xmlns=\"http:\/\/www.w3.org\/2000\/svg\"><path d=\"M504 256c0 137-111 248-248 248S8 393 8 256 119 8 256 8s248 111 248 248zm-143.6-28.9L288 302.6V120c0-13.3-10.7-24-24-24h-16c-13.3 0-24 10.7-24 24v182.6l-72.4-75.5c-9.3-9.7-24.8-9.9-34.3-.4l-10.9 11c-9.4 9.4-9.4 24.6 0 33.9L239 404.3c9.4 9.4 24.6 9.4 33.9 0l132.7-132.7c9.4-9.4 9.4-24.6 0-33.9l-10.9-11c-9.5-9.5-25-9.3-34.3.4z\"><\/path><\/svg><\/span>\n\t\t\t<span class='e-closed'><svg aria-hidden=\"true\" class=\"e-font-icon-svg e-fas-arrow-circle-up\" viewbox=\"0 0 512 512\" xmlns=\"http:\/\/www.w3.org\/2000\/svg\"><path d=\"M8 256C8 119 119 8 256 8s248 111 248 248-111 248-248 248S8 393 8 256zm143.6 28.9l72.4-75.5V392c0 13.3 10.7 24 24 24h16c13.3 0 24-10.7 24-24V209.4l72.4 75.5c9.3 9.7 24.8 9.9 34.3.4l10.9-11c9.4-9.4 9.4-24.6 0-33.9L273 107.7c-9.4-9.4-24.6-9.4-33.9 0L106.3 240.4c-9.4 9.4-9.4 24.6 0 33.9l10.9 11c9.6 9.5 25.1 9.3 34.4-.4z\"><\/path><\/svg><\/span>\n\t\t<\/span>\n\n\t\t\t\t\t\t<\/summary>\n\t\t\t\t<div role=\"region\" aria-labelledby=\"e-n-accordion-item-1680\" class=\"elementor-element elementor-element-8f95c81 e-con-full e-flex e-con e-child\" data-id=\"8f95c81\" data-element_type=\"container\" data-e-type=\"container\" data-settings=\"{&quot;_ha_eqh_enable&quot;:false}\">\n\t\t\t\t<div class=\"elementor-element elementor-element-d7deaa9 elementor-widget elementor-widget-text-editor\" data-id=\"d7deaa9\" data-element_type=\"widget\" data-e-type=\"widget\" data-widget_type=\"text-editor.default\">\n\t\t\t\t\t\t\t\t\t<p>Permette all'aria pulita di entrare nel liofilizzatore quando la pressione viene rilasciata.<\/p>\t\t\t\t\t\t\t\t<\/div>\n\t\t\t\t<\/div>\n\t\t\t\t\t<\/details>\n\t\t\t\t\t\t<details id=\"e-n-accordion-item-1681\" class=\"e-n-accordion-item\" >\n\t\t\t\t<summary class=\"e-n-accordion-item-title\" data-accordion-index=\"2\" tabindex=\"-1\" aria-expanded=\"false\" aria-controls=\"e-n-accordion-item-1681\" >\n\t\t\t\t\t<span class='e-n-accordion-item-title-header'><div class=\"e-n-accordion-item-title-text\"> Facile connessione laterale <\/div><\/span>\n\t\t\t\t\t\t\t<span class='e-n-accordion-item-title-icon'>\n\t\t\t<span class='e-opened' ><svg aria-hidden=\"true\" class=\"e-font-icon-svg e-fas-arrow-circle-down\" viewbox=\"0 0 512 512\" xmlns=\"http:\/\/www.w3.org\/2000\/svg\"><path d=\"M504 256c0 137-111 248-248 248S8 393 8 256 119 8 256 8s248 111 248 248zm-143.6-28.9L288 302.6V120c0-13.3-10.7-24-24-24h-16c-13.3 0-24 10.7-24 24v182.6l-72.4-75.5c-9.3-9.7-24.8-9.9-34.3-.4l-10.9 11c-9.4 9.4-9.4 24.6 0 33.9L239 404.3c9.4 9.4 24.6 9.4 33.9 0l132.7-132.7c9.4-9.4 9.4-24.6 0-33.9l-10.9-11c-9.5-9.5-25-9.3-34.3.4z\"><\/path><\/svg><\/span>\n\t\t\t<span class='e-closed'><svg aria-hidden=\"true\" class=\"e-font-icon-svg e-fas-arrow-circle-up\" viewbox=\"0 0 512 512\" xmlns=\"http:\/\/www.w3.org\/2000\/svg\"><path d=\"M8 256C8 119 119 8 256 8s248 111 248 248-111 248-248 248S8 393 8 256zm143.6 28.9l72.4-75.5V392c0 13.3 10.7 24 24 24h16c13.3 0 24-10.7 24-24V209.4l72.4 75.5c9.3 9.7 24.8 9.9 34.3.4l10.9-11c9.4-9.4 9.4-24.6 0-33.9L273 107.7c-9.4-9.4-24.6-9.4-33.9 0L106.3 240.4c-9.4 9.4-9.4 24.6 0 33.9l10.9 11c9.6 9.5 25.1 9.3 34.4-.4z\"><\/path><\/svg><\/span>\n\t\t<\/span>\n\n\t\t\t\t\t\t<\/summary>\n\t\t\t\t<div role=\"region\" aria-labelledby=\"e-n-accordion-item-1681\" class=\"elementor-element elementor-element-d6ae9b1 e-con-full e-flex e-con e-child\" data-id=\"d6ae9b1\" data-element_type=\"container\" data-e-type=\"container\" data-settings=\"{&quot;_ha_eqh_enable&quot;:false}\">\n\t\t\t\t<div class=\"elementor-element elementor-element-0490460 elementor-widget elementor-widget-text-editor\" data-id=\"0490460\" data-element_type=\"widget\" data-e-type=\"widget\" data-widget_type=\"text-editor.default\">\n\t\t\t\t\t\t\t\t\t<p>Facile accesso: questa valvola si collega al lato del congelatore nello stesso punto in cui si collega il tubo di aspirazione.<\/p>\t\t\t\t\t\t\t\t<\/div>\n\t\t\t\t<\/div>\n\t\t\t\t\t<\/details>\n\t\t\t\t\t\t<details id=\"e-n-accordion-item-1682\" class=\"e-n-accordion-item\" >\n\t\t\t\t<summary class=\"e-n-accordion-item-title\" data-accordion-index=\"3\" tabindex=\"-1\" aria-expanded=\"false\" aria-controls=\"e-n-accordion-item-1682\" >\n\t\t\t\t\t<span class='e-n-accordion-item-title-header'><div class=\"e-n-accordion-item-title-text\"> Acciaio inossidabile di alta qualit\u00e0 <\/div><\/span>\n\t\t\t\t\t\t\t<span class='e-n-accordion-item-title-icon'>\n\t\t\t<span class='e-opened' ><svg aria-hidden=\"true\" class=\"e-font-icon-svg e-fas-arrow-circle-down\" viewbox=\"0 0 512 512\" xmlns=\"http:\/\/www.w3.org\/2000\/svg\"><path d=\"M504 256c0 137-111 248-248 248S8 393 8 256 119 8 256 8s248 111 248 248zm-143.6-28.9L288 302.6V120c0-13.3-10.7-24-24-24h-16c-13.3 0-24 10.7-24 24v182.6l-72.4-75.5c-9.3-9.7-24.8-9.9-34.3-.4l-10.9 11c-9.4 9.4-9.4 24.6 0 33.9L239 404.3c9.4 9.4 24.6 9.4 33.9 0l132.7-132.7c9.4-9.4 9.4-24.6 0-33.9l-10.9-11c-9.5-9.5-25-9.3-34.3.4z\"><\/path><\/svg><\/span>\n\t\t\t<span class='e-closed'><svg aria-hidden=\"true\" class=\"e-font-icon-svg e-fas-arrow-circle-up\" viewbox=\"0 0 512 512\" xmlns=\"http:\/\/www.w3.org\/2000\/svg\"><path d=\"M8 256C8 119 119 8 256 8s248 111 248 248-111 248-248 248S8 393 8 256zm143.6 28.9l72.4-75.5V392c0 13.3 10.7 24 24 24h16c13.3 0 24-10.7 24-24V209.4l72.4 75.5c9.3 9.7 24.8 9.9 34.3.4l10.9-11c9.4-9.4 9.4-24.6 0-33.9L273 107.7c-9.4-9.4-24.6-9.4-33.9 0L106.3 240.4c-9.4 9.4-9.4 24.6 0 33.9l10.9 11c9.6 9.5 25.1 9.3 34.4-.4z\"><\/path><\/svg><\/span>\n\t\t<\/span>\n\n\t\t\t\t\t\t<\/summary>\n\t\t\t\t<div role=\"region\" aria-labelledby=\"e-n-accordion-item-1682\" class=\"elementor-element elementor-element-ff059c5 e-con-full e-flex e-con e-child\" data-id=\"ff059c5\" data-element_type=\"container\" data-e-type=\"container\" data-settings=\"{&quot;_ha_eqh_enable&quot;:false}\">\n\t\t\t\t<div class=\"elementor-element elementor-element-d478225 elementor-widget elementor-widget-text-editor\" data-id=\"d478225\" data-element_type=\"widget\" data-e-type=\"widget\" data-widget_type=\"text-editor.default\">\n\t\t\t\t\t\t\t\t\t<p>Acciaio inossidabile robusto e di alta qualit\u00e0<\/p>\t\t\t\t\t\t\t\t<\/div>\n\t\t\t\t<\/div>\n\t\t\t\t\t<\/details>\n\t\t\t\t\t\t<details id=\"e-n-accordion-item-1683\" class=\"e-n-accordion-item\" >\n\t\t\t\t<summary class=\"e-n-accordion-item-title\" data-accordion-index=\"4\" tabindex=\"-1\" aria-expanded=\"false\" aria-controls=\"e-n-accordion-item-1683\" >\n\t\t\t\t\t<span class='e-n-accordion-item-title-header'><div class=\"e-n-accordion-item-title-text\"> Anti-salita dell'acqua <\/div><\/span>\n\t\t\t\t\t\t\t<span class='e-n-accordion-item-title-icon'>\n\t\t\t<span class='e-opened' ><svg aria-hidden=\"true\" class=\"e-font-icon-svg e-fas-arrow-circle-down\" viewbox=\"0 0 512 512\" xmlns=\"http:\/\/www.w3.org\/2000\/svg\"><path d=\"M504 256c0 137-111 248-248 248S8 393 8 256 119 8 256 8s248 111 248 248zm-143.6-28.9L288 302.6V120c0-13.3-10.7-24-24-24h-16c-13.3 0-24 10.7-24 24v182.6l-72.4-75.5c-9.3-9.7-24.8-9.9-34.3-.4l-10.9 11c-9.4 9.4-9.4 24.6 0 33.9L239 404.3c9.4 9.4 24.6 9.4 33.9 0l132.7-132.7c9.4-9.4 9.4-24.6 0-33.9l-10.9-11c-9.5-9.5-25-9.3-34.3.4z\"><\/path><\/svg><\/span>\n\t\t\t<span class='e-closed'><svg aria-hidden=\"true\" class=\"e-font-icon-svg e-fas-arrow-circle-up\" viewbox=\"0 0 512 512\" xmlns=\"http:\/\/www.w3.org\/2000\/svg\"><path d=\"M8 256C8 119 119 8 256 8s248 111 248 248-111 248-248 248S8 393 8 256zm143.6 28.9l72.4-75.5V392c0 13.3 10.7 24 24 24h16c13.3 0 24-10.7 24-24V209.4l72.4 75.5c9.3 9.7 24.8 9.9 34.3.4l10.9-11c9.4-9.4 9.4-24.6 0-33.9L273 107.7c-9.4-9.4-24.6-9.4-33.9 0L106.3 240.4c-9.4 9.4-9.4 24.6 0 33.9l10.9 11c9.6 9.5 25.1 9.3 34.4-.4z\"><\/path><\/svg><\/span>\n\t\t<\/span>\n\n\t\t\t\t\t\t<\/summary>\n\t\t\t\t<div role=\"region\" aria-labelledby=\"e-n-accordion-item-1683\" class=\"elementor-element elementor-element-d1dfe1f e-con-full e-flex e-con e-child\" data-id=\"d1dfe1f\" data-element_type=\"container\" data-e-type=\"container\" data-settings=\"{&quot;_ha_eqh_enable&quot;:false}\">\n\t\t\t\t<div class=\"elementor-element elementor-element-dd4161b elementor-widget elementor-widget-text-editor\" data-id=\"dd4161b\" data-element_type=\"widget\" data-e-type=\"widget\" data-widget_type=\"text-editor.default\">\n\t\t\t\t\t\t\t\t\t<p>Non c'\u00e8 il rischio che l'acqua venga risucchiata dal secchio di scarico nel liofilizzatore.<\/p>\t\t\t\t\t\t\t\t<\/div>\n\t\t\t\t<\/div>\n\t\t\t\t\t<\/details>\n\t\t\t\t\t<\/div>\n\t\t\t\t\t\t<\/div>\n\t\t\t\t\t<\/div>\n\t\t\t\t<\/div>\n\t\t<div class=\"elementor-element elementor-element-2ca7330 e-flex e-con-boxed e-con e-child\" data-id=\"2ca7330\" data-element_type=\"container\" data-e-type=\"container\" data-settings=\"{&quot;_ha_eqh_enable&quot;:false}\">\n\t\t\t\t\t<div class=\"e-con-inner\">\n\t\t\t\t<div class=\"elementor-element elementor-element-c8dbe9b elementor-widget elementor-widget-image\" data-id=\"c8dbe9b\" data-element_type=\"widget\" data-e-type=\"widget\" data-widget_type=\"image.default\">\n\t\t\t\t\t\t\t\t\t\t\t\t\t\t\t<img loading=\"lazy\" decoding=\"async\" width=\"600\" height=\"600\" src=\"https:\/\/lyo-robots.eu\/wp-content\/uploads\/2025\/08\/img-pressure-relaease-valve_2.jpg\" class=\"attachment-large size-large wp-image-1422\" alt=\"Photo mise en situation Accessoire valve de r\u00e9gulation - Lyo Robots\" srcset=\"https:\/\/lyo-robots.eu\/wp-content\/uploads\/2025\/08\/img-pressure-relaease-valve_2.jpg 600w, https:\/\/lyo-robots.eu\/wp-content\/uploads\/2025\/08\/img-pressure-relaease-valve_2-300x300.jpg 300w, https:\/\/lyo-robots.eu\/wp-content\/uploads\/2025\/08\/img-pressure-relaease-valve_2-100x100.jpg 100w, https:\/\/lyo-robots.eu\/wp-content\/uploads\/2025\/08\/img-pressure-relaease-valve_2-150x150.jpg 150w\" sizes=\"auto, (max-width: 600px) 100vw, 600px\" \/>\t\t\t\t\t\t\t\t\t\t\t\t\t\t\t<\/div>\n\t\t\t\t\t<\/div>\n\t\t\t\t<\/div>\n\t\t\t\t<\/div>\n\t\t\t\t<\/div>","protected":false},"excerpt":{"rendered":"<p>Le valvole di depressurizzazione Harvest Right assicurano un rilascio controllato della pressione nel vostro liofilizzatore.<\/p>\n<p>Garantiscono un utilizzo sicuro della macchina e consentono una manutenzione rapida ed efficiente. Un accessorio essenziale per mantenere le prestazioni e la sicurezza della vostra attrezzatura.<\/p>","protected":false},"featured_media":1423,"template":"","meta":{"_acf_changed":false},"product_brand":[],"product_cat":[75],"product_tag":[],"class_list":{"0":"post-1421","1":"product","2":"type-product","3":"status-publish","4":"has-post-thumbnail","6":"product_cat-accessoires","8":"first","9":"instock","10":"taxable","11":"shipping-taxable","12":"purchasable","13":"product-type-simple"},"acf":[],"yoast_head":"<!-- This site is optimized with the Yoast SEO plugin v27.3 - https:\/\/yoast.com\/product\/yoast-seo-wordpress\/ -->\n<title>Valve de r\u00e9gulation de pression - Harvest Right<\/title>\n<meta name=\"description\" content=\"Valve de r\u00e9gulation de pression Harvest Right : acier inoxydable robuste, permet d&#039;introduire de l&#039;air propre apr\u00e8s cycle.\" \/>\n<meta name=\"robots\" content=\"index, follow, max-snippet:-1, max-image-preview:large, max-video-preview:-1\" \/>\n<link rel=\"canonical\" href=\"https:\/\/lyo-robots.eu\/it\/prodotto\/valve-de-regulation-de-pression-harvest-right\/\" \/>\n<meta property=\"og:locale\" content=\"it_IT\" \/>\n<meta property=\"og:type\" content=\"article\" \/>\n<meta property=\"og:title\" content=\"Valve de r\u00e9gulation de pression - Harvest Right\" \/>\n<meta property=\"og:description\" content=\"Valve de r\u00e9gulation de pression Harvest Right : acier inoxydable robuste, permet d&#039;introduire de l&#039;air propre apr\u00e8s cycle.\" \/>\n<meta property=\"og:url\" content=\"https:\/\/lyo-robots.eu\/it\/prodotto\/valve-de-regulation-de-pression-harvest-right\/\" \/>\n<meta property=\"og:site_name\" content=\"Lyo Robots\" \/>\n<meta property=\"article:modified_time\" content=\"2025-08-14T08:18:05+00:00\" \/>\n<meta property=\"og:image\" content=\"https:\/\/lyo-robots.eu\/wp-content\/uploads\/2025\/08\/img-pressure-relaease-valve.jpg\" \/>\n\t<meta property=\"og:image:width\" content=\"800\" \/>\n\t<meta property=\"og:image:height\" content=\"800\" \/>\n\t<meta property=\"og:image:type\" content=\"image\/jpeg\" \/>\n<meta name=\"twitter:card\" content=\"summary_large_image\" \/>\n<meta name=\"twitter:label1\" content=\"Tempo di lettura stimato\" \/>\n\t<meta name=\"twitter:data1\" content=\"2 minuti\" \/>\n<script type=\"application\/ld+json\" class=\"yoast-schema-graph\">{\"@context\":\"https:\\\/\\\/schema.org\",\"@graph\":[{\"@type\":\"WebPage\",\"@id\":\"https:\\\/\\\/lyo-robots.eu\\\/produit\\\/valve-de-regulation-de-pression-harvest-right\\\/\",\"url\":\"https:\\\/\\\/lyo-robots.eu\\\/produit\\\/valve-de-regulation-de-pression-harvest-right\\\/\",\"name\":\"Valve de r\u00e9gulation de pression - Harvest Right\",\"isPartOf\":{\"@id\":\"https:\\\/\\\/lyo-robots.eu\\\/#website\"},\"primaryImageOfPage\":{\"@id\":\"https:\\\/\\\/lyo-robots.eu\\\/produit\\\/valve-de-regulation-de-pression-harvest-right\\\/#primaryimage\"},\"image\":{\"@id\":\"https:\\\/\\\/lyo-robots.eu\\\/produit\\\/valve-de-regulation-de-pression-harvest-right\\\/#primaryimage\"},\"thumbnailUrl\":\"https:\\\/\\\/lyo-robots.eu\\\/wp-content\\\/uploads\\\/2025\\\/08\\\/img-pressure-relaease-valve.jpg\",\"datePublished\":\"2025-08-14T08:14:21+00:00\",\"dateModified\":\"2025-08-14T08:18:05+00:00\",\"description\":\"Valve de r\u00e9gulation de pression Harvest Right : acier inoxydable robuste, permet d'introduire de l'air propre apr\u00e8s cycle.\",\"breadcrumb\":{\"@id\":\"https:\\\/\\\/lyo-robots.eu\\\/produit\\\/valve-de-regulation-de-pression-harvest-right\\\/#breadcrumb\"},\"inLanguage\":\"it-IT\",\"potentialAction\":[{\"@type\":\"ReadAction\",\"target\":[\"https:\\\/\\\/lyo-robots.eu\\\/produit\\\/valve-de-regulation-de-pression-harvest-right\\\/\"]}]},{\"@type\":\"ImageObject\",\"inLanguage\":\"it-IT\",\"@id\":\"https:\\\/\\\/lyo-robots.eu\\\/produit\\\/valve-de-regulation-de-pression-harvest-right\\\/#primaryimage\",\"url\":\"https:\\\/\\\/lyo-robots.eu\\\/wp-content\\\/uploads\\\/2025\\\/08\\\/img-pressure-relaease-valve.jpg\",\"contentUrl\":\"https:\\\/\\\/lyo-robots.eu\\\/wp-content\\\/uploads\\\/2025\\\/08\\\/img-pressure-relaease-valve.jpg\",\"width\":800,\"height\":800,\"caption\":\"Photo Accessoire valve de r\u00e9gulation - Lyo Robots\"},{\"@type\":\"BreadcrumbList\",\"@id\":\"https:\\\/\\\/lyo-robots.eu\\\/produit\\\/valve-de-regulation-de-pression-harvest-right\\\/#breadcrumb\",\"itemListElement\":[{\"@type\":\"ListItem\",\"position\":1,\"name\":\"Home\",\"item\":\"https:\\\/\\\/lyo-robots.eu\\\/\"},{\"@type\":\"ListItem\",\"position\":2,\"name\":\"Produits\",\"item\":\"https:\\\/\\\/lyo-robots.eu\\\/shop\\\/\"},{\"@type\":\"ListItem\",\"position\":3,\"name\":\"Valve de r\u00e9gulation de pression &#8211; Harvest Right\"}]},{\"@type\":\"WebSite\",\"@id\":\"https:\\\/\\\/lyo-robots.eu\\\/#website\",\"url\":\"https:\\\/\\\/lyo-robots.eu\\\/\",\"name\":\"Lyo Robots\",\"description\":\"\",\"publisher\":{\"@id\":\"https:\\\/\\\/lyo-robots.eu\\\/#organization\"},\"potentialAction\":[{\"@type\":\"SearchAction\",\"target\":{\"@type\":\"EntryPoint\",\"urlTemplate\":\"https:\\\/\\\/lyo-robots.eu\\\/?s={search_term_string}\"},\"query-input\":{\"@type\":\"PropertyValueSpecification\",\"valueRequired\":true,\"valueName\":\"search_term_string\"}}],\"inLanguage\":\"it-IT\"},{\"@type\":\"Organization\",\"@id\":\"https:\\\/\\\/lyo-robots.eu\\\/#organization\",\"name\":\"Lyo Robots\",\"url\":\"https:\\\/\\\/lyo-robots.eu\\\/\",\"logo\":{\"@type\":\"ImageObject\",\"inLanguage\":\"it-IT\",\"@id\":\"https:\\\/\\\/lyo-robots.eu\\\/#\\\/schema\\\/logo\\\/image\\\/\",\"url\":\"https:\\\/\\\/lyo-robots.eu\\\/wp-content\\\/uploads\\\/2025\\\/07\\\/logo-lyo-robots_couleurs.webp\",\"contentUrl\":\"https:\\\/\\\/lyo-robots.eu\\\/wp-content\\\/uploads\\\/2025\\\/07\\\/logo-lyo-robots_couleurs.webp\",\"width\":1000,\"height\":592,\"caption\":\"Lyo Robots\"},\"image\":{\"@id\":\"https:\\\/\\\/lyo-robots.eu\\\/#\\\/schema\\\/logo\\\/image\\\/\"}}]}<\/script>\n<!-- \/ Yoast SEO plugin. -->","yoast_head_json":{"title":"Valve de r\u00e9gulation de pression - Harvest Right","description":"Valve de r\u00e9gulation de pression Harvest Right : acier inoxydable robuste, permet d'introduire de l'air propre apr\u00e8s cycle.","robots":{"index":"index","follow":"follow","max-snippet":"max-snippet:-1","max-image-preview":"max-image-preview:large","max-video-preview":"max-video-preview:-1"},"canonical":"https:\/\/lyo-robots.eu\/it\/prodotto\/valve-de-regulation-de-pression-harvest-right\/","og_locale":"it_IT","og_type":"article","og_title":"Valve de r\u00e9gulation de pression - Harvest Right","og_description":"Valve de r\u00e9gulation de pression Harvest Right : acier inoxydable robuste, permet d'introduire de l'air propre apr\u00e8s cycle.","og_url":"https:\/\/lyo-robots.eu\/it\/prodotto\/valve-de-regulation-de-pression-harvest-right\/","og_site_name":"Lyo Robots","article_modified_time":"2025-08-14T08:18:05+00:00","og_image":[{"width":800,"height":800,"url":"https:\/\/lyo-robots.eu\/wp-content\/uploads\/2025\/08\/img-pressure-relaease-valve.jpg","type":"image\/jpeg"}],"twitter_card":"summary_large_image","twitter_misc":{"Tempo di lettura stimato":"2 minuti"},"schema":{"@context":"https:\/\/schema.org","@graph":[{"@type":"WebPage","@id":"https:\/\/lyo-robots.eu\/produit\/valve-de-regulation-de-pression-harvest-right\/","url":"https:\/\/lyo-robots.eu\/produit\/valve-de-regulation-de-pression-harvest-right\/","name":"Valve de r\u00e9gulation de pression - Harvest Right","isPartOf":{"@id":"https:\/\/lyo-robots.eu\/#website"},"primaryImageOfPage":{"@id":"https:\/\/lyo-robots.eu\/produit\/valve-de-regulation-de-pression-harvest-right\/#primaryimage"},"image":{"@id":"https:\/\/lyo-robots.eu\/produit\/valve-de-regulation-de-pression-harvest-right\/#primaryimage"},"thumbnailUrl":"https:\/\/lyo-robots.eu\/wp-content\/uploads\/2025\/08\/img-pressure-relaease-valve.jpg","datePublished":"2025-08-14T08:14:21+00:00","dateModified":"2025-08-14T08:18:05+00:00","description":"Valve de r\u00e9gulation de pression Harvest Right : acier inoxydable robuste, permet d'introduire de l'air propre apr\u00e8s cycle.","breadcrumb":{"@id":"https:\/\/lyo-robots.eu\/produit\/valve-de-regulation-de-pression-harvest-right\/#breadcrumb"},"inLanguage":"it-IT","potentialAction":[{"@type":"ReadAction","target":["https:\/\/lyo-robots.eu\/produit\/valve-de-regulation-de-pression-harvest-right\/"]}]},{"@type":"ImageObject","inLanguage":"it-IT","@id":"https:\/\/lyo-robots.eu\/produit\/valve-de-regulation-de-pression-harvest-right\/#primaryimage","url":"https:\/\/lyo-robots.eu\/wp-content\/uploads\/2025\/08\/img-pressure-relaease-valve.jpg","contentUrl":"https:\/\/lyo-robots.eu\/wp-content\/uploads\/2025\/08\/img-pressure-relaease-valve.jpg","width":800,"height":800,"caption":"Photo Accessoire valve de r\u00e9gulation - Lyo Robots"},{"@type":"BreadcrumbList","@id":"https:\/\/lyo-robots.eu\/produit\/valve-de-regulation-de-pression-harvest-right\/#breadcrumb","itemListElement":[{"@type":"ListItem","position":1,"name":"Home","item":"https:\/\/lyo-robots.eu\/"},{"@type":"ListItem","position":2,"name":"Produits","item":"https:\/\/lyo-robots.eu\/shop\/"},{"@type":"ListItem","position":3,"name":"Valve de r\u00e9gulation de pression &#8211; Harvest Right"}]},{"@type":"WebSite","@id":"https:\/\/lyo-robots.eu\/#website","url":"https:\/\/lyo-robots.eu\/","name":"Robot Lyo","description":"","publisher":{"@id":"https:\/\/lyo-robots.eu\/#organization"},"potentialAction":[{"@type":"SearchAction","target":{"@type":"EntryPoint","urlTemplate":"https:\/\/lyo-robots.eu\/?s={search_term_string}"},"query-input":{"@type":"PropertyValueSpecification","valueRequired":true,"valueName":"search_term_string"}}],"inLanguage":"it-IT"},{"@type":"Organization","@id":"https:\/\/lyo-robots.eu\/#organization","name":"Robot Lyo","url":"https:\/\/lyo-robots.eu\/","logo":{"@type":"ImageObject","inLanguage":"it-IT","@id":"https:\/\/lyo-robots.eu\/#\/schema\/logo\/image\/","url":"https:\/\/lyo-robots.eu\/wp-content\/uploads\/2025\/07\/logo-lyo-robots_couleurs.webp","contentUrl":"https:\/\/lyo-robots.eu\/wp-content\/uploads\/2025\/07\/logo-lyo-robots_couleurs.webp","width":1000,"height":592,"caption":"Lyo Robots"},"image":{"@id":"https:\/\/lyo-robots.eu\/#\/schema\/logo\/image\/"}}]}},"_links":{"self":[{"href":"https:\/\/lyo-robots.eu\/it\/wp-json\/wp\/v2\/product\/1421","targetHints":{"allow":["GET"]}}],"collection":[{"href":"https:\/\/lyo-robots.eu\/it\/wp-json\/wp\/v2\/product"}],"about":[{"href":"https:\/\/lyo-robots.eu\/it\/wp-json\/wp\/v2\/types\/product"}],"version-history":[{"count":5,"href":"https:\/\/lyo-robots.eu\/it\/wp-json\/wp\/v2\/product\/1421\/revisions"}],"predecessor-version":[{"id":1429,"href":"https:\/\/lyo-robots.eu\/it\/wp-json\/wp\/v2\/product\/1421\/revisions\/1429"}],"wp:featuredmedia":[{"embeddable":true,"href":"https:\/\/lyo-robots.eu\/it\/wp-json\/wp\/v2\/media\/1423"}],"wp:attachment":[{"href":"https:\/\/lyo-robots.eu\/it\/wp-json\/wp\/v2\/media?parent=1421"}],"wp:term":[{"taxonomy":"product_brand","embeddable":true,"href":"https:\/\/lyo-robots.eu\/it\/wp-json\/wp\/v2\/product_brand?post=1421"},{"taxonomy":"product_cat","embeddable":true,"href":"https:\/\/lyo-robots.eu\/it\/wp-json\/wp\/v2\/product_cat?post=1421"},{"taxonomy":"product_tag","embeddable":true,"href":"https:\/\/lyo-robots.eu\/it\/wp-json\/wp\/v2\/product_tag?post=1421"}],"curies":[{"name":"wp","href":"https:\/\/api.w.org\/{rel}","templated":true}]}}