{"id":262,"date":"2025-07-25T10:05:46","date_gmt":"2025-07-25T10:05:46","guid":{"rendered":"https:\/\/lyorobots.com\/index.php\/panier\/"},"modified":"2025-09-08T12:54:26","modified_gmt":"2025-09-08T12:54:26","slug":"panier","status":"publish","type":"page","link":"https:\/\/lyo-robots.eu\/it\/panier\/","title":{"rendered":"Cestino"},"content":{"rendered":"<div data-elementor-type=\"wp-page\" data-elementor-id=\"262\" class=\"elementor elementor-262\" data-elementor-settings=\"{&quot;ha_cmc_init_switcher&quot;:&quot;no&quot;}\" data-elementor-post-type=\"page\">\n\t\t\t\t<div class=\"elementor-element elementor-element-2d7b73a e-flex e-con-boxed e-con e-parent\" data-id=\"2d7b73a\" data-element_type=\"container\" data-e-type=\"container\" data-settings=\"{&quot;_ha_eqh_enable&quot;:false}\">\n\t\t\t\t\t<div class=\"e-con-inner\">\n\t\t\t\t<div class=\"elementor-element elementor-element-8c031f9 elementor-widget elementor-widget-spacer\" data-id=\"8c031f9\" data-element_type=\"widget\" data-e-type=\"widget\" data-widget_type=\"spacer.default\">\n\t\t\t\t\t\t\t<div class=\"elementor-spacer\">\n\t\t\t<div class=\"elementor-spacer-inner\"><\/div>\n\t\t<\/div>\n\t\t\t\t\t\t<\/div>\n\t\t\t\t\t<\/div>\n\t\t\t\t<\/div>\n\t\t<div class=\"elementor-element elementor-element-5142298 e-flex e-con-boxed e-con e-parent\" data-id=\"5142298\" data-element_type=\"container\" data-e-type=\"container\" data-settings=\"{&quot;_ha_eqh_enable&quot;:false}\">\n\t\t\t\t\t<div class=\"e-con-inner\">\n\t\t<div class=\"elementor-element elementor-element-68bcf62 e-con-full e-flex e-con e-child\" data-id=\"68bcf62\" data-element_type=\"container\" data-e-type=\"container\" data-settings=\"{&quot;_ha_eqh_enable&quot;:false}\">\n\t\t\t\t<div class=\"elementor-element elementor-element-344b26f elementor-widget elementor-widget-heading\" data-id=\"344b26f\" data-element_type=\"widget\" data-e-type=\"widget\" data-widget_type=\"heading.default\">\n\t\t\t\t\t<h2 class=\"elementor-heading-title elementor-size-default\">Il vostro cestino<\/h2>\t\t\t\t<\/div>\n\t\t\t\t<\/div>\n\t\t\t\t\t<\/div>\n\t\t\t\t<\/div>\n\t\t<div class=\"elementor-element elementor-element-886e38b e-flex e-con-boxed e-con e-parent\" data-id=\"886e38b\" data-element_type=\"container\" data-e-type=\"container\" data-settings=\"{&quot;_ha_eqh_enable&quot;:false}\">\n\t\t\t\t\t<div class=\"e-con-inner\">\n\t\t\t\t<div class=\"elementor-element elementor-element-8c0f958 elementor-widget elementor-widget-spacer\" data-id=\"8c0f958\" data-element_type=\"widget\" data-e-type=\"widget\" data-widget_type=\"spacer.default\">\n\t\t\t\t\t\t\t<div class=\"elementor-spacer\">\n\t\t\t<div class=\"elementor-spacer-inner\"><\/div>\n\t\t<\/div>\n\t\t\t\t\t\t<\/div>\n\t\t\t\t<div class=\"elementor-element elementor-element-cf24923 elementor-widget elementor-widget-spacer\" data-id=\"cf24923\" data-element_type=\"widget\" data-e-type=\"widget\" data-widget_type=\"spacer.default\">\n\t\t\t\t\t\t\t<div class=\"elementor-spacer\">\n\t\t\t<div class=\"elementor-spacer-inner\"><\/div>\n\t\t<\/div>\n\t\t\t\t\t\t<\/div>\n\t\t\t\t\t<\/div>\n\t\t\t\t<\/div>\n\t\t\t\t<\/div>","protected":false},"excerpt":{"rendered":"<p>Votre panier Supprimer l\u2019\u00e9l\u00e9ment Miniature Produit Prix Quantit\u00e9 Sous-total &times; Cartouches filtre Huile (set de 3) &#8211; Harvest Right 29,90&nbsp;&euro; quantit\u00e9 de Cartouches filtre Huile (set de 3) &#8211; Harvest Right 29,90&nbsp;&euro; Mise \u00e0 jour le panier Totaux du panier Sous-total 29,90&nbsp;&euro; Total 29,90&nbsp;&euro; Passer \u00e0 la commande<\/p>","protected":false},"author":4,"featured_media":0,"parent":0,"menu_order":0,"comment_status":"closed","ping_status":"closed","template":"","meta":{"_acf_changed":false,"footnotes":""},"class_list":["post-262","page","type-page","status-publish","hentry"],"acf":[],"yoast_head":"<!-- This site is optimized with the Yoast SEO plugin v27.3 - https:\/\/yoast.com\/product\/yoast-seo-wordpress\/ -->\n<title>Panier - Lyo Robots<\/title>\n<meta name=\"robots\" content=\"index, follow, max-snippet:-1, max-image-preview:large, max-video-preview:-1\" \/>\n<link rel=\"canonical\" href=\"https:\/\/lyo-robots.eu\/it\/panier\/\" \/>\n<meta property=\"og:locale\" content=\"it_IT\" \/>\n<meta property=\"og:type\" content=\"article\" \/>\n<meta property=\"og:title\" content=\"Panier - Lyo Robots\" \/>\n<meta property=\"og:description\" content=\"Votre panier Supprimer l\u2019\u00e9l\u00e9ment Miniature Produit Prix Quantit\u00e9 Sous-total &times; Cartouches filtre Huile (set de 3) &#8211; Harvest Right 29,90&nbsp;&euro; quantit\u00e9 de Cartouches filtre Huile (set de 3) &#8211; Harvest Right 29,90&nbsp;&euro; Mise \u00e0 jour le panier Totaux du panier Sous-total 29,90&nbsp;&euro; Total 29,90&nbsp;&euro; Passer \u00e0 la commande\" \/>\n<meta property=\"og:url\" content=\"https:\/\/lyo-robots.eu\/it\/panier\/\" \/>\n<meta property=\"og:site_name\" content=\"Lyo Robots\" \/>\n<meta property=\"article:modified_time\" content=\"2025-09-08T12:54:26+00:00\" \/>\n<meta property=\"og:image\" content=\"http:\/\/lyorobots.com\/wp-content\/uploads\/2025\/08\/img_cartouches-huile-300x300.jpg\" \/>\n<meta name=\"twitter:card\" content=\"summary_large_image\" \/>\n<meta name=\"twitter:label1\" content=\"Tempo di lettura stimato\" \/>\n\t<meta name=\"twitter:data1\" content=\"1 minuto\" \/>\n<script type=\"application\/ld+json\" class=\"yoast-schema-graph\">{\"@context\":\"https:\\\/\\\/schema.org\",\"@graph\":[{\"@type\":\"WebPage\",\"@id\":\"https:\\\/\\\/lyo-robots.eu\\\/panier\\\/\",\"url\":\"https:\\\/\\\/lyo-robots.eu\\\/panier\\\/\",\"name\":\"Panier - Lyo Robots\",\"isPartOf\":{\"@id\":\"https:\\\/\\\/lyo-robots.eu\\\/#website\"},\"primaryImageOfPage\":{\"@id\":\"https:\\\/\\\/lyo-robots.eu\\\/panier\\\/#primaryimage\"},\"image\":{\"@id\":\"https:\\\/\\\/lyo-robots.eu\\\/panier\\\/#primaryimage\"},\"thumbnailUrl\":\"http:\\\/\\\/lyorobots.com\\\/wp-content\\\/uploads\\\/2025\\\/08\\\/img_cartouches-huile-300x300.jpg\",\"datePublished\":\"2025-07-25T10:05:46+00:00\",\"dateModified\":\"2025-09-08T12:54:26+00:00\",\"breadcrumb\":{\"@id\":\"https:\\\/\\\/lyo-robots.eu\\\/panier\\\/#breadcrumb\"},\"inLanguage\":\"it-IT\",\"potentialAction\":[{\"@type\":\"ReadAction\",\"target\":[\"https:\\\/\\\/lyo-robots.eu\\\/panier\\\/\"]}]},{\"@type\":\"ImageObject\",\"inLanguage\":\"it-IT\",\"@id\":\"https:\\\/\\\/lyo-robots.eu\\\/panier\\\/#primaryimage\",\"url\":\"http:\\\/\\\/lyorobots.com\\\/wp-content\\\/uploads\\\/2025\\\/08\\\/img_cartouches-huile-300x300.jpg\",\"contentUrl\":\"http:\\\/\\\/lyorobots.com\\\/wp-content\\\/uploads\\\/2025\\\/08\\\/img_cartouches-huile-300x300.jpg\"},{\"@type\":\"BreadcrumbList\",\"@id\":\"https:\\\/\\\/lyo-robots.eu\\\/panier\\\/#breadcrumb\",\"itemListElement\":[{\"@type\":\"ListItem\",\"position\":1,\"name\":\"Home\",\"item\":\"https:\\\/\\\/lyo-robots.eu\\\/\"},{\"@type\":\"ListItem\",\"position\":2,\"name\":\"Panier\"}]},{\"@type\":\"WebSite\",\"@id\":\"https:\\\/\\\/lyo-robots.eu\\\/#website\",\"url\":\"https:\\\/\\\/lyo-robots.eu\\\/\",\"name\":\"Lyo Robots\",\"description\":\"\",\"publisher\":{\"@id\":\"https:\\\/\\\/lyo-robots.eu\\\/#organization\"},\"potentialAction\":[{\"@type\":\"SearchAction\",\"target\":{\"@type\":\"EntryPoint\",\"urlTemplate\":\"https:\\\/\\\/lyo-robots.eu\\\/?s={search_term_string}\"},\"query-input\":{\"@type\":\"PropertyValueSpecification\",\"valueRequired\":true,\"valueName\":\"search_term_string\"}}],\"inLanguage\":\"it-IT\"},{\"@type\":\"Organization\",\"@id\":\"https:\\\/\\\/lyo-robots.eu\\\/#organization\",\"name\":\"Lyo Robots\",\"url\":\"https:\\\/\\\/lyo-robots.eu\\\/\",\"logo\":{\"@type\":\"ImageObject\",\"inLanguage\":\"it-IT\",\"@id\":\"https:\\\/\\\/lyo-robots.eu\\\/#\\\/schema\\\/logo\\\/image\\\/\",\"url\":\"https:\\\/\\\/lyo-robots.eu\\\/wp-content\\\/uploads\\\/2025\\\/07\\\/logo-lyo-robots_couleurs.webp\",\"contentUrl\":\"https:\\\/\\\/lyo-robots.eu\\\/wp-content\\\/uploads\\\/2025\\\/07\\\/logo-lyo-robots_couleurs.webp\",\"width\":1000,\"height\":592,\"caption\":\"Lyo Robots\"},\"image\":{\"@id\":\"https:\\\/\\\/lyo-robots.eu\\\/#\\\/schema\\\/logo\\\/image\\\/\"}}]}<\/script>\n<!-- \/ Yoast SEO plugin. -->","yoast_head_json":{"title":"Panier - Lyo Robots","robots":{"index":"index","follow":"follow","max-snippet":"max-snippet:-1","max-image-preview":"max-image-preview:large","max-video-preview":"max-video-preview:-1"},"canonical":"https:\/\/lyo-robots.eu\/it\/panier\/","og_locale":"it_IT","og_type":"article","og_title":"Panier - Lyo Robots","og_description":"Votre panier Supprimer l\u2019\u00e9l\u00e9ment Miniature Produit Prix Quantit\u00e9 Sous-total &times; Cartouches filtre Huile (set de 3) &#8211; Harvest Right 29,90&nbsp;&euro; quantit\u00e9 de Cartouches filtre Huile (set de 3) &#8211; Harvest Right 29,90&nbsp;&euro; Mise \u00e0 jour le panier Totaux du panier Sous-total 29,90&nbsp;&euro; Total 29,90&nbsp;&euro; Passer \u00e0 la commande","og_url":"https:\/\/lyo-robots.eu\/it\/panier\/","og_site_name":"Lyo Robots","article_modified_time":"2025-09-08T12:54:26+00:00","og_image":[{"url":"http:\/\/lyorobots.com\/wp-content\/uploads\/2025\/08\/img_cartouches-huile-300x300.jpg","type":"","width":"","height":""}],"twitter_card":"summary_large_image","twitter_misc":{"Tempo di lettura stimato":"1 minuto"},"schema":{"@context":"https:\/\/schema.org","@graph":[{"@type":"WebPage","@id":"https:\/\/lyo-robots.eu\/panier\/","url":"https:\/\/lyo-robots.eu\/panier\/","name":"Panier - Lyo Robots","isPartOf":{"@id":"https:\/\/lyo-robots.eu\/#website"},"primaryImageOfPage":{"@id":"https:\/\/lyo-robots.eu\/panier\/#primaryimage"},"image":{"@id":"https:\/\/lyo-robots.eu\/panier\/#primaryimage"},"thumbnailUrl":"http:\/\/lyorobots.com\/wp-content\/uploads\/2025\/08\/img_cartouches-huile-300x300.jpg","datePublished":"2025-07-25T10:05:46+00:00","dateModified":"2025-09-08T12:54:26+00:00","breadcrumb":{"@id":"https:\/\/lyo-robots.eu\/panier\/#breadcrumb"},"inLanguage":"it-IT","potentialAction":[{"@type":"ReadAction","target":["https:\/\/lyo-robots.eu\/panier\/"]}]},{"@type":"ImageObject","inLanguage":"it-IT","@id":"https:\/\/lyo-robots.eu\/panier\/#primaryimage","url":"http:\/\/lyorobots.com\/wp-content\/uploads\/2025\/08\/img_cartouches-huile-300x300.jpg","contentUrl":"http:\/\/lyorobots.com\/wp-content\/uploads\/2025\/08\/img_cartouches-huile-300x300.jpg"},{"@type":"BreadcrumbList","@id":"https:\/\/lyo-robots.eu\/panier\/#breadcrumb","itemListElement":[{"@type":"ListItem","position":1,"name":"Home","item":"https:\/\/lyo-robots.eu\/"},{"@type":"ListItem","position":2,"name":"Panier"}]},{"@type":"WebSite","@id":"https:\/\/lyo-robots.eu\/#website","url":"https:\/\/lyo-robots.eu\/","name":"Robot Lyo","description":"","publisher":{"@id":"https:\/\/lyo-robots.eu\/#organization"},"potentialAction":[{"@type":"SearchAction","target":{"@type":"EntryPoint","urlTemplate":"https:\/\/lyo-robots.eu\/?s={search_term_string}"},"query-input":{"@type":"PropertyValueSpecification","valueRequired":true,"valueName":"search_term_string"}}],"inLanguage":"it-IT"},{"@type":"Organization","@id":"https:\/\/lyo-robots.eu\/#organization","name":"Robot Lyo","url":"https:\/\/lyo-robots.eu\/","logo":{"@type":"ImageObject","inLanguage":"it-IT","@id":"https:\/\/lyo-robots.eu\/#\/schema\/logo\/image\/","url":"https:\/\/lyo-robots.eu\/wp-content\/uploads\/2025\/07\/logo-lyo-robots_couleurs.webp","contentUrl":"https:\/\/lyo-robots.eu\/wp-content\/uploads\/2025\/07\/logo-lyo-robots_couleurs.webp","width":1000,"height":592,"caption":"Lyo Robots"},"image":{"@id":"https:\/\/lyo-robots.eu\/#\/schema\/logo\/image\/"}}]}},"_links":{"self":[{"href":"https:\/\/lyo-robots.eu\/it\/wp-json\/wp\/v2\/pages\/262","targetHints":{"allow":["GET"]}}],"collection":[{"href":"https:\/\/lyo-robots.eu\/it\/wp-json\/wp\/v2\/pages"}],"about":[{"href":"https:\/\/lyo-robots.eu\/it\/wp-json\/wp\/v2\/types\/page"}],"author":[{"embeddable":true,"href":"https:\/\/lyo-robots.eu\/it\/wp-json\/wp\/v2\/users\/4"}],"replies":[{"embeddable":true,"href":"https:\/\/lyo-robots.eu\/it\/wp-json\/wp\/v2\/comments?post=262"}],"version-history":[{"count":12,"href":"https:\/\/lyo-robots.eu\/it\/wp-json\/wp\/v2\/pages\/262\/revisions"}],"predecessor-version":[{"id":1188,"href":"https:\/\/lyo-robots.eu\/it\/wp-json\/wp\/v2\/pages\/262\/revisions\/1188"}],"wp:attachment":[{"href":"https:\/\/lyo-robots.eu\/it\/wp-json\/wp\/v2\/media?parent=262"}],"curies":[{"name":"wp","href":"https:\/\/api.w.org\/{rel}","templated":true}]}}