{"id":1040,"date":"2025-08-06T12:56:13","date_gmt":"2025-08-06T12:56:13","guid":{"rendered":"https:\/\/lyorobots.com\/index.php\/produit\/filtre-huile-carafe-1-cartouche-harvest-right39\/"},"modified":"2025-08-07T15:28:47","modified_gmt":"2025-08-07T15:28:47","slug":"filtre-huile-carafe-1-cartouche-harvest-right","status":"publish","type":"product","link":"https:\/\/lyo-robots.eu\/es\/producto\/filtre-huile-carafe-1-cartouche-harvest-right\/","title":{"rendered":"Filtro de aceite (garrafa + 1 cartucho) - Harvest Right"},"content":{"rendered":"<div data-elementor-type=\"product-post\" data-elementor-id=\"1040\" class=\"elementor elementor-1040\" data-elementor-settings=\"{&quot;ha_cmc_init_switcher&quot;:&quot;no&quot;}\" data-elementor-post-type=\"product\">\n\t\t\t\t<div class=\"elementor-element elementor-element-9ce01dd e-flex e-con-boxed e-con e-parent\" data-id=\"9ce01dd\" data-element_type=\"container\" data-e-type=\"container\" data-settings=\"{&quot;_ha_eqh_enable&quot;:false}\">\n\t\t\t\t\t<div class=\"e-con-inner\">\n\t\t\t\t<div class=\"elementor-element elementor-element-9901dea elementor-widget elementor-widget-spacer\" data-id=\"9901dea\" data-element_type=\"widget\" data-e-type=\"widget\" data-widget_type=\"spacer.default\">\n\t\t\t\t\t\t\t<div class=\"elementor-spacer\">\n\t\t\t<div class=\"elementor-spacer-inner\"><\/div>\n\t\t<\/div>\n\t\t\t\t\t\t<\/div>\n\t\t\t\t\t<\/div>\n\t\t\t\t<\/div>\n\t\t<div class=\"elementor-element elementor-element-0de4dd2 e-con-full e-flex e-con e-parent\" data-id=\"0de4dd2\" data-element_type=\"container\" data-e-type=\"container\" data-settings=\"{&quot;background_background&quot;:&quot;classic&quot;,&quot;_ha_eqh_enable&quot;:false}\">\n\t\t<div class=\"elementor-element elementor-element-558ee83 e-flex e-con-boxed e-con e-child\" data-id=\"558ee83\" data-element_type=\"container\" data-e-type=\"container\" data-settings=\"{&quot;_ha_eqh_enable&quot;:false}\">\n\t\t\t\t\t<div class=\"e-con-inner\">\n\t\t\t\t<div class=\"elementor-element elementor-element-a72595f elementor-widget elementor-widget-heading\" data-id=\"a72595f\" data-element_type=\"widget\" data-e-type=\"widget\" data-widget_type=\"heading.default\">\n\t\t\t\t\t<h2 class=\"elementor-heading-title elementor-size-default\">\u00bfC\u00f3mo se utiliza?<\/h2>\t\t\t\t<\/div>\n\t\t\t\t<div class=\"elementor-element elementor-element-16cc69c e-n-tabs-mobile elementor-widget elementor-widget-n-tabs\" data-id=\"16cc69c\" data-element_type=\"widget\" data-e-type=\"widget\" data-settings=\"{&quot;tabs_justify_horizontal&quot;:&quot;start&quot;,&quot;tabs_justify_horizontal_tablet&quot;:&quot;center&quot;,&quot;horizontal_scroll&quot;:&quot;disable&quot;}\" data-widget_type=\"nested-tabs.default\">\n\t\t\t\t\t\t\t<div class=\"e-n-tabs\" data-widget-number=\"23905948\" aria-label=\"Separadores. Abra itens com Enter ou Espa\u00e7o, feche com Escape e navegue utilizando as teclas de seta.\" data-no-translation-aria-label=\"\">\n\t\t\t<div class=\"e-n-tabs-heading\" role=\"tablist\">\n\t\t\t\t\t<button id=\"e-n-tab-title-239059481\" data-tab-title-id=\"e-n-tab-title-239059481\" class=\"e-n-tab-title\" aria-selected=\"true\" data-tab-index=\"1\" role=\"tab\" tabindex=\"0\" aria-controls=\"e-n-tab-content-239059481\" style=\"--n-tabs-title-order: 1;\">\n\t\t\t\t\t\t<span class=\"e-n-tab-title-text\">\n\t\t\t\t1\t\t\t<\/span>\n\t\t<\/button>\n\t\t\t\t<button id=\"e-n-tab-title-239059482\" data-tab-title-id=\"e-n-tab-title-239059482\" class=\"e-n-tab-title\" aria-selected=\"false\" data-tab-index=\"2\" role=\"tab\" tabindex=\"-1\" aria-controls=\"e-n-tab-content-239059482\" style=\"--n-tabs-title-order: 2;\">\n\t\t\t\t\t\t<span class=\"e-n-tab-title-text\">\n\t\t\t\t2\t\t\t<\/span>\n\t\t<\/button>\n\t\t\t\t<button id=\"e-n-tab-title-239059483\" data-tab-title-id=\"e-n-tab-title-239059483\" class=\"e-n-tab-title\" aria-selected=\"false\" data-tab-index=\"3\" role=\"tab\" tabindex=\"-1\" aria-controls=\"e-n-tab-content-239059483\" style=\"--n-tabs-title-order: 3;\">\n\t\t\t\t\t\t<span class=\"e-n-tab-title-text\">\n\t\t\t\t3\t\t\t<\/span>\n\t\t<\/button>\n\t\t\t\t<button id=\"e-n-tab-title-239059484\" data-tab-title-id=\"e-n-tab-title-239059484\" class=\"e-n-tab-title\" aria-selected=\"false\" data-tab-index=\"4\" role=\"tab\" tabindex=\"-1\" aria-controls=\"e-n-tab-content-239059484\" style=\"--n-tabs-title-order: 4;\">\n\t\t\t\t\t\t<span class=\"e-n-tab-title-text\">\n\t\t\t\t4\t\t\t<\/span>\n\t\t<\/button>\n\t\t\t\t<button id=\"e-n-tab-title-239059485\" data-tab-title-id=\"e-n-tab-title-239059485\" class=\"e-n-tab-title\" aria-selected=\"false\" data-tab-index=\"5\" role=\"tab\" tabindex=\"-1\" aria-controls=\"e-n-tab-content-239059485\" style=\"--n-tabs-title-order: 5;\">\n\t\t\t\t\t\t<span class=\"e-n-tab-title-text\">\n\t\t\t\t5\t\t\t<\/span>\n\t\t<\/button>\n\t\t\t\t\t<\/div>\n\t\t\t<div class=\"e-n-tabs-content\">\n\t\t\t\t<div id=\"e-n-tab-content-239059481\" role=\"tabpanel\" aria-labelledby=\"e-n-tab-title-239059481\" data-tab-index=\"1\" style=\"--n-tabs-title-order: 1;\" class=\"e-active elementor-element elementor-element-7524b98 e-con-full e-flex e-con e-child\" data-id=\"7524b98\" data-element_type=\"container\" data-e-type=\"container\" data-settings=\"{&quot;_ha_eqh_enable&quot;:false}\">\n\t\t\t\t<div class=\"elementor-element elementor-element-39686cb elementor-widget elementor-widget-text-editor\" data-id=\"39686cb\" data-element_type=\"widget\" data-e-type=\"widget\" data-widget_type=\"text-editor.default\">\n\t\t\t\t\t\t\t\t\t<p>Abra el grifo de vaciado y deje que el aceite se vac\u00ede en el filtro.<\/p><p>Levante la parte posterior de la bomba para vaciarla completamente.<\/p>\t\t\t\t\t\t\t\t<\/div>\n\t\t\t\t<\/div>\n\t\t<div id=\"e-n-tab-content-239059482\" role=\"tabpanel\" aria-labelledby=\"e-n-tab-title-239059482\" data-tab-index=\"2\" style=\"--n-tabs-title-order: 2;\" class=\"elementor-element elementor-element-b3b5ebf e-con-full e-flex e-con e-child\" data-id=\"b3b5ebf\" data-element_type=\"container\" data-e-type=\"container\" data-settings=\"{&quot;_ha_eqh_enable&quot;:false}\">\n\t\t\t\t<div class=\"elementor-element elementor-element-d5a4a8b elementor-widget elementor-widget-text-editor\" data-id=\"d5a4a8b\" data-element_type=\"widget\" data-e-type=\"widget\" data-widget_type=\"text-editor.default\">\n\t\t\t\t\t\t\t\t\t<p>Espere a que el aceite se filtre a trav\u00e9s de su sistema de filtraci\u00f3n.<\/p>\t\t\t\t\t\t\t\t<\/div>\n\t\t\t\t<\/div>\n\t\t<div id=\"e-n-tab-content-239059483\" role=\"tabpanel\" aria-labelledby=\"e-n-tab-title-239059483\" data-tab-index=\"3\" style=\"--n-tabs-title-order: 3;\" class=\"elementor-element elementor-element-670b080 e-con-full e-flex e-con e-child\" data-id=\"670b080\" data-element_type=\"container\" data-e-type=\"container\" data-settings=\"{&quot;_ha_eqh_enable&quot;:false}\">\n\t\t\t\t<div class=\"elementor-element elementor-element-f087368 elementor-widget elementor-widget-text-editor\" data-id=\"f087368\" data-element_type=\"widget\" data-e-type=\"widget\" data-widget_type=\"text-editor.default\">\n\t\t\t\t\t\t\t\t\t<p>Con cada ciclo, se acumula un poco de agua <br \/>en aceite.<\/p><p>Una vez filtrada, el agua se deposita en el fondo y el aceite permanece en la superficie.<\/p>\t\t\t\t\t\t\t\t<\/div>\n\t\t\t\t<\/div>\n\t\t<div id=\"e-n-tab-content-239059484\" role=\"tabpanel\" aria-labelledby=\"e-n-tab-title-239059484\" data-tab-index=\"4\" style=\"--n-tabs-title-order: 4;\" class=\"elementor-element elementor-element-4a13bbb e-con-full e-flex e-con e-child\" data-id=\"4a13bbb\" data-element_type=\"container\" data-e-type=\"container\" data-settings=\"{&quot;_ha_eqh_enable&quot;:false}\">\n\t\t\t\t<div class=\"elementor-element elementor-element-1a49bf4 elementor-widget elementor-widget-text-editor\" data-id=\"1a49bf4\" data-element_type=\"widget\" data-e-type=\"widget\" data-widget_type=\"text-editor.default\">\n\t\t\t\t\t\t\t\t\t<p>Vierta el aceite en <br \/>eliminando el agua.<\/p><p><strong>No vierta nunca agua en la bomba: podr\u00eda da\u00f1arla.<\/strong><\/p>\t\t\t\t\t\t\t\t<\/div>\n\t\t\t\t<\/div>\n\t\t<div id=\"e-n-tab-content-239059485\" role=\"tabpanel\" aria-labelledby=\"e-n-tab-title-239059485\" data-tab-index=\"5\" style=\"--n-tabs-title-order: 5;\" class=\"elementor-element elementor-element-1c554e9 e-con-full e-flex e-con e-child\" data-id=\"1c554e9\" data-element_type=\"container\" data-e-type=\"container\" data-settings=\"{&quot;_ha_eqh_enable&quot;:false}\">\n\t\t\t\t<div class=\"elementor-element elementor-element-296ee25 elementor-widget elementor-widget-text-editor\" data-id=\"296ee25\" data-element_type=\"widget\" data-e-type=\"widget\" data-widget_type=\"text-editor.default\">\n\t\t\t\t\t\t\t\t\t<p>Vierta el aceite filtrado <br \/>(o nuevo) en su bomba de vac\u00edo.<\/p>\t\t\t\t\t\t\t\t<\/div>\n\t\t\t\t<\/div>\n\t\t\t\t\t<\/div>\n\t\t<\/div>\n\t\t\t\t\t\t<\/div>\n\t\t\t\t<div class=\"elementor-element elementor-element-74bf8c8 elementor-widget elementor-widget-button\" data-id=\"74bf8c8\" data-element_type=\"widget\" data-e-type=\"widget\" data-widget_type=\"button.default\">\n\t\t\t\t\t\t\t\t\t\t<a class=\"elementor-button elementor-button-link elementor-size-sm\" href=\"https:\/\/lyorobots.com\/index.php\/contact\/\">\n\t\t\t\t\t\t<span class=\"elementor-button-content-wrapper\">\n\t\t\t\t\t\t\t\t\t<span class=\"elementor-button-text\">\u00bfNecesita m\u00e1s informaci\u00f3n?<\/span>\n\t\t\t\t\t<\/span>\n\t\t\t\t\t<\/a>\n\t\t\t\t\t\t\t\t<\/div>\n\t\t\t\t\t<\/div>\n\t\t\t\t<\/div>\n\t\t<div class=\"elementor-element elementor-element-a38b51f e-flex e-con-boxed e-con e-child\" data-id=\"a38b51f\" data-element_type=\"container\" data-e-type=\"container\" data-settings=\"{&quot;_ha_eqh_enable&quot;:false}\">\n\t\t\t\t\t<div class=\"e-con-inner\">\n\t\t\t\t<div class=\"elementor-element elementor-element-8d9344b elementor-widget elementor-widget-image\" data-id=\"8d9344b\" data-element_type=\"widget\" data-e-type=\"widget\" data-widget_type=\"image.default\">\n\t\t\t\t\t\t\t\t\t\t\t\t\t\t\t<img loading=\"lazy\" decoding=\"async\" width=\"800\" height=\"800\" src=\"https:\/\/lyo-robots.eu\/wp-content\/uploads\/2025\/08\/img_detour-cartouches-huile.png\" class=\"attachment-large size-large wp-image-669\" alt=\"Photo sans fond Accessoire Filtre Huile - Lyo Robots\" srcset=\"https:\/\/lyo-robots.eu\/wp-content\/uploads\/2025\/08\/img_detour-cartouches-huile.png 800w, https:\/\/lyo-robots.eu\/wp-content\/uploads\/2025\/08\/img_detour-cartouches-huile-300x300.png 300w, https:\/\/lyo-robots.eu\/wp-content\/uploads\/2025\/08\/img_detour-cartouches-huile-100x100.png 100w, https:\/\/lyo-robots.eu\/wp-content\/uploads\/2025\/08\/img_detour-cartouches-huile-600x600.png 600w, https:\/\/lyo-robots.eu\/wp-content\/uploads\/2025\/08\/img_detour-cartouches-huile-150x150.png 150w, https:\/\/lyo-robots.eu\/wp-content\/uploads\/2025\/08\/img_detour-cartouches-huile-768x768.png 768w\" sizes=\"auto, (max-width: 800px) 100vw, 800px\" \/>\t\t\t\t\t\t\t\t\t\t\t\t\t\t\t<\/div>\n\t\t\t\t\t<\/div>\n\t\t\t\t<\/div>\n\t\t\t\t<\/div>\n\t\t<div class=\"elementor-element elementor-element-d3a899f e-flex e-con-boxed e-con e-parent\" data-id=\"d3a899f\" data-element_type=\"container\" data-e-type=\"container\" data-settings=\"{&quot;_ha_eqh_enable&quot;:false}\">\n\t\t\t\t\t<div class=\"e-con-inner\">\n\t\t\t\t<div class=\"elementor-element elementor-element-dcd4958 elementor-widget elementor-widget-spacer\" data-id=\"dcd4958\" data-element_type=\"widget\" data-e-type=\"widget\" data-widget_type=\"spacer.default\">\n\t\t\t\t\t\t\t<div class=\"elementor-spacer\">\n\t\t\t<div class=\"elementor-spacer-inner\"><\/div>\n\t\t<\/div>\n\t\t\t\t\t\t<\/div>\n\t\t\t\t\t<\/div>\n\t\t\t\t<\/div>\n\t\t<div class=\"elementor-element elementor-element-005dbdf e-flex e-con-boxed e-con e-parent\" data-id=\"005dbdf\" data-element_type=\"container\" data-e-type=\"container\" data-settings=\"{&quot;_ha_eqh_enable&quot;:false}\">\n\t\t\t\t\t<div class=\"e-con-inner\">\n\t\t<div class=\"elementor-element elementor-element-1bfd489 e-con-full e-flex e-con e-child\" data-id=\"1bfd489\" data-element_type=\"container\" data-e-type=\"container\" data-settings=\"{&quot;background_background&quot;:&quot;classic&quot;,&quot;_ha_eqh_enable&quot;:false}\">\n\t\t\t\t<div class=\"elementor-element elementor-element-702d8ed elementor-widget elementor-widget-heading\" data-id=\"702d8ed\" data-element_type=\"widget\" data-e-type=\"widget\" data-widget_type=\"heading.default\">\n\t\t\t\t\t<h2 class=\"elementor-heading-title elementor-size-default\">\u00bfC\u00f3mo s\u00e9 si mi aceite filtrado es apto para su uso?<\/h2>\t\t\t\t<\/div>\n\t\t\t\t<div class=\"elementor-element elementor-element-b95fb3a elementor-widget elementor-widget-text-editor\" data-id=\"b95fb3a\" data-element_type=\"widget\" data-e-type=\"widget\" data-widget_type=\"text-editor.default\">\n\t\t\t\t\t\t\t\t\t<p>- El aceite est\u00e1 libre de residuos o part\u00edculas<\/p><p>- El aceite no es ni lechoso ni calc\u00e1reo<\/p><p>- El aceite es transparente (el color puede ser amarillo o \u00e1mbar, pero sigue siendo transparente).<\/p><p>- Su bomba de vac\u00edo alcanza una presi\u00f3n (mTorr) adecuada para la liofilizaci\u00f3n.<\/p>\t\t\t\t\t\t\t\t<\/div>\n\t\t\t\t<\/div>\n\t\t<div class=\"elementor-element elementor-element-92b0a0b e-con-full e-flex e-con e-child\" data-id=\"92b0a0b\" data-element_type=\"container\" data-e-type=\"container\" data-settings=\"{&quot;background_background&quot;:&quot;classic&quot;,&quot;_ha_eqh_enable&quot;:false}\">\n\t\t\t\t<div class=\"elementor-element elementor-element-d4611bf elementor-widget elementor-widget-heading\" data-id=\"d4611bf\" data-element_type=\"widget\" data-e-type=\"widget\" data-widget_type=\"heading.default\">\n\t\t\t\t\t<h2 class=\"elementor-heading-title elementor-size-default\">\u00bfC\u00f3mo s\u00e9 cu\u00e1ndo tengo que cambiar el filtro de aceite?\n<\/h2>\t\t\t\t<\/div>\n\t\t\t\t<div class=\"elementor-element elementor-element-6c1f5a5 elementor-widget elementor-widget-text-editor\" data-id=\"6c1f5a5\" data-element_type=\"widget\" data-e-type=\"widget\" data-widget_type=\"text-editor.default\">\n\t\t\t\t\t\t\t\t\t<p>- El aceite no fluye a trav\u00e9s del filtro (esto puede ocurrir con el tiempo a medida que se acumulan residuos).<\/p><p>- El aceite no se limpia correctamente (es decir, el aceite sigue lechoso o lleno de residuos).<\/p>\t\t\t\t\t\t\t\t<\/div>\n\t\t\t\t<\/div>\n\t\t\t\t\t<\/div>\n\t\t\t\t<\/div>\n\t\t\t\t<\/div>","protected":false},"excerpt":{"rendered":"<p>La filtraci\u00f3n del aceite es r\u00e1pida y sencilla, y preservar\u00e1 la vida \u00fatil de su bomba y aumentar\u00e1 el rendimiento de su liofilizador.<\/p>\n<p>El filtro no se puede lavar en el lavavajillas.<br \/>\nEl filtro s\u00f3lo debe utilizarse para el aceite de la bomba de vac\u00edo.<\/p>","protected":false},"featured_media":670,"template":"","meta":{"_acf_changed":false},"product_brand":[],"product_cat":[75],"product_tag":[],"class_list":{"0":"post-1040","1":"product","2":"type-product","3":"status-publish","4":"has-post-thumbnail","6":"product_cat-accessoires","8":"first","9":"instock","10":"taxable","11":"shipping-taxable","12":"purchasable","13":"product-type-simple"},"acf":[],"yoast_head":"<!-- This site is optimized with the Yoast SEO plugin v27.3 - https:\/\/yoast.com\/product\/yoast-seo-wordpress\/ -->\n<title>Filtre \u00e0 huile (carafe + 1 cartouche) - Harvest Right<\/title>\n<meta name=\"description\" content=\"La filtration de l\u2019huile est simple et rapide, elle pr\u00e9servera la dur\u00e9e de vie de votre pompe et augmentera les performances de votre lyophilisateur.\" \/>\n<meta name=\"robots\" content=\"index, follow, max-snippet:-1, max-image-preview:large, max-video-preview:-1\" \/>\n<link rel=\"canonical\" href=\"https:\/\/lyo-robots.eu\/es\/producto\/filtre-huile-carafe-1-cartouche-harvest-right\/\" \/>\n<meta property=\"og:locale\" content=\"es_ES\" \/>\n<meta property=\"og:type\" content=\"article\" \/>\n<meta property=\"og:title\" content=\"Filtre \u00e0 huile (carafe + 1 cartouche) - Harvest Right\" \/>\n<meta property=\"og:description\" content=\"La filtration de l\u2019huile est simple et rapide, elle pr\u00e9servera la dur\u00e9e de vie de votre pompe et augmentera les performances de votre lyophilisateur.\" \/>\n<meta property=\"og:url\" content=\"https:\/\/lyo-robots.eu\/es\/producto\/filtre-huile-carafe-1-cartouche-harvest-right\/\" \/>\n<meta property=\"og:site_name\" content=\"Lyo Robots\" \/>\n<meta property=\"article:modified_time\" content=\"2025-08-07T15:28:47+00:00\" \/>\n<meta property=\"og:image\" content=\"https:\/\/lyo-robots.eu\/wp-content\/uploads\/2025\/08\/img_filtre-huile.jpg\" \/>\n\t<meta property=\"og:image:width\" content=\"800\" \/>\n\t<meta property=\"og:image:height\" content=\"800\" \/>\n\t<meta property=\"og:image:type\" content=\"image\/jpeg\" \/>\n<meta name=\"twitter:card\" content=\"summary_large_image\" \/>\n<meta name=\"twitter:label1\" content=\"Tiempo de lectura\" \/>\n\t<meta name=\"twitter:data1\" content=\"2 minutos\" \/>\n<script type=\"application\/ld+json\" class=\"yoast-schema-graph\">{\"@context\":\"https:\\\/\\\/schema.org\",\"@graph\":[{\"@type\":\"WebPage\",\"@id\":\"https:\\\/\\\/lyo-robots.eu\\\/produit\\\/filtre-huile-carafe-1-cartouche-harvest-right\\\/\",\"url\":\"https:\\\/\\\/lyo-robots.eu\\\/produit\\\/filtre-huile-carafe-1-cartouche-harvest-right\\\/\",\"name\":\"Filtre \u00e0 huile (carafe + 1 cartouche) - Harvest Right\",\"isPartOf\":{\"@id\":\"https:\\\/\\\/lyo-robots.eu\\\/#website\"},\"primaryImageOfPage\":{\"@id\":\"https:\\\/\\\/lyo-robots.eu\\\/produit\\\/filtre-huile-carafe-1-cartouche-harvest-right\\\/#primaryimage\"},\"image\":{\"@id\":\"https:\\\/\\\/lyo-robots.eu\\\/produit\\\/filtre-huile-carafe-1-cartouche-harvest-right\\\/#primaryimage\"},\"thumbnailUrl\":\"https:\\\/\\\/lyo-robots.eu\\\/wp-content\\\/uploads\\\/2025\\\/08\\\/img_filtre-huile.jpg\",\"datePublished\":\"2025-08-06T12:56:13+00:00\",\"dateModified\":\"2025-08-07T15:28:47+00:00\",\"description\":\"La filtration de l\u2019huile est simple et rapide, elle pr\u00e9servera la dur\u00e9e de vie de votre pompe et augmentera les performances de votre lyophilisateur.\",\"breadcrumb\":{\"@id\":\"https:\\\/\\\/lyo-robots.eu\\\/produit\\\/filtre-huile-carafe-1-cartouche-harvest-right\\\/#breadcrumb\"},\"inLanguage\":\"es\",\"potentialAction\":[{\"@type\":\"ReadAction\",\"target\":[\"https:\\\/\\\/lyo-robots.eu\\\/produit\\\/filtre-huile-carafe-1-cartouche-harvest-right\\\/\"]}]},{\"@type\":\"ImageObject\",\"inLanguage\":\"es\",\"@id\":\"https:\\\/\\\/lyo-robots.eu\\\/produit\\\/filtre-huile-carafe-1-cartouche-harvest-right\\\/#primaryimage\",\"url\":\"https:\\\/\\\/lyo-robots.eu\\\/wp-content\\\/uploads\\\/2025\\\/08\\\/img_filtre-huile.jpg\",\"contentUrl\":\"https:\\\/\\\/lyo-robots.eu\\\/wp-content\\\/uploads\\\/2025\\\/08\\\/img_filtre-huile.jpg\",\"width\":800,\"height\":800,\"caption\":\"Photo Accessoire Filtre Huile - Lyo Robots\"},{\"@type\":\"BreadcrumbList\",\"@id\":\"https:\\\/\\\/lyo-robots.eu\\\/produit\\\/filtre-huile-carafe-1-cartouche-harvest-right\\\/#breadcrumb\",\"itemListElement\":[{\"@type\":\"ListItem\",\"position\":1,\"name\":\"Home\",\"item\":\"https:\\\/\\\/lyo-robots.eu\\\/\"},{\"@type\":\"ListItem\",\"position\":2,\"name\":\"Produits\",\"item\":\"https:\\\/\\\/lyo-robots.eu\\\/shop\\\/\"},{\"@type\":\"ListItem\",\"position\":3,\"name\":\"Filtre \u00e0 huile (carafe + 1 cartouche) &#8211; Harvest Right\"}]},{\"@type\":\"WebSite\",\"@id\":\"https:\\\/\\\/lyo-robots.eu\\\/#website\",\"url\":\"https:\\\/\\\/lyo-robots.eu\\\/\",\"name\":\"Lyo Robots\",\"description\":\"\",\"publisher\":{\"@id\":\"https:\\\/\\\/lyo-robots.eu\\\/#organization\"},\"potentialAction\":[{\"@type\":\"SearchAction\",\"target\":{\"@type\":\"EntryPoint\",\"urlTemplate\":\"https:\\\/\\\/lyo-robots.eu\\\/?s={search_term_string}\"},\"query-input\":{\"@type\":\"PropertyValueSpecification\",\"valueRequired\":true,\"valueName\":\"search_term_string\"}}],\"inLanguage\":\"es\"},{\"@type\":\"Organization\",\"@id\":\"https:\\\/\\\/lyo-robots.eu\\\/#organization\",\"name\":\"Lyo Robots\",\"url\":\"https:\\\/\\\/lyo-robots.eu\\\/\",\"logo\":{\"@type\":\"ImageObject\",\"inLanguage\":\"es\",\"@id\":\"https:\\\/\\\/lyo-robots.eu\\\/#\\\/schema\\\/logo\\\/image\\\/\",\"url\":\"https:\\\/\\\/lyo-robots.eu\\\/wp-content\\\/uploads\\\/2025\\\/07\\\/logo-lyo-robots_couleurs.webp\",\"contentUrl\":\"https:\\\/\\\/lyo-robots.eu\\\/wp-content\\\/uploads\\\/2025\\\/07\\\/logo-lyo-robots_couleurs.webp\",\"width\":1000,\"height\":592,\"caption\":\"Lyo Robots\"},\"image\":{\"@id\":\"https:\\\/\\\/lyo-robots.eu\\\/#\\\/schema\\\/logo\\\/image\\\/\"}}]}<\/script>\n<!-- \/ Yoast SEO plugin. -->","yoast_head_json":{"title":"Filtro de aceite (garrafa + 1 cartucho) - Harvest Right","description":"La filtraci\u00f3n del aceite es r\u00e1pida y sencilla, y preservar\u00e1 la vida \u00fatil de su bomba y aumentar\u00e1 el rendimiento de su liofilizador.","robots":{"index":"index","follow":"follow","max-snippet":"max-snippet:-1","max-image-preview":"max-image-preview:large","max-video-preview":"max-video-preview:-1"},"canonical":"https:\/\/lyo-robots.eu\/es\/producto\/filtre-huile-carafe-1-cartouche-harvest-right\/","og_locale":"es_ES","og_type":"article","og_title":"Filtre \u00e0 huile (carafe + 1 cartouche) - Harvest Right","og_description":"La filtration de l\u2019huile est simple et rapide, elle pr\u00e9servera la dur\u00e9e de vie de votre pompe et augmentera les performances de votre lyophilisateur.","og_url":"https:\/\/lyo-robots.eu\/es\/producto\/filtre-huile-carafe-1-cartouche-harvest-right\/","og_site_name":"Lyo Robots","article_modified_time":"2025-08-07T15:28:47+00:00","og_image":[{"width":800,"height":800,"url":"https:\/\/lyo-robots.eu\/wp-content\/uploads\/2025\/08\/img_filtre-huile.jpg","type":"image\/jpeg"}],"twitter_card":"summary_large_image","twitter_misc":{"Tiempo de lectura":"2 minutos"},"schema":{"@context":"https:\/\/schema.org","@graph":[{"@type":"WebPage","@id":"https:\/\/lyo-robots.eu\/produit\/filtre-huile-carafe-1-cartouche-harvest-right\/","url":"https:\/\/lyo-robots.eu\/produit\/filtre-huile-carafe-1-cartouche-harvest-right\/","name":"Filtro de aceite (garrafa + 1 cartucho) - Harvest Right","isPartOf":{"@id":"https:\/\/lyo-robots.eu\/#website"},"primaryImageOfPage":{"@id":"https:\/\/lyo-robots.eu\/produit\/filtre-huile-carafe-1-cartouche-harvest-right\/#primaryimage"},"image":{"@id":"https:\/\/lyo-robots.eu\/produit\/filtre-huile-carafe-1-cartouche-harvest-right\/#primaryimage"},"thumbnailUrl":"https:\/\/lyo-robots.eu\/wp-content\/uploads\/2025\/08\/img_filtre-huile.jpg","datePublished":"2025-08-06T12:56:13+00:00","dateModified":"2025-08-07T15:28:47+00:00","description":"La filtraci\u00f3n del aceite es r\u00e1pida y sencilla, y preservar\u00e1 la vida \u00fatil de su bomba y aumentar\u00e1 el rendimiento de su liofilizador.","breadcrumb":{"@id":"https:\/\/lyo-robots.eu\/produit\/filtre-huile-carafe-1-cartouche-harvest-right\/#breadcrumb"},"inLanguage":"es","potentialAction":[{"@type":"ReadAction","target":["https:\/\/lyo-robots.eu\/produit\/filtre-huile-carafe-1-cartouche-harvest-right\/"]}]},{"@type":"ImageObject","inLanguage":"es","@id":"https:\/\/lyo-robots.eu\/produit\/filtre-huile-carafe-1-cartouche-harvest-right\/#primaryimage","url":"https:\/\/lyo-robots.eu\/wp-content\/uploads\/2025\/08\/img_filtre-huile.jpg","contentUrl":"https:\/\/lyo-robots.eu\/wp-content\/uploads\/2025\/08\/img_filtre-huile.jpg","width":800,"height":800,"caption":"Photo Accessoire Filtre Huile - Lyo Robots"},{"@type":"BreadcrumbList","@id":"https:\/\/lyo-robots.eu\/produit\/filtre-huile-carafe-1-cartouche-harvest-right\/#breadcrumb","itemListElement":[{"@type":"ListItem","position":1,"name":"Home","item":"https:\/\/lyo-robots.eu\/"},{"@type":"ListItem","position":2,"name":"Produits","item":"https:\/\/lyo-robots.eu\/shop\/"},{"@type":"ListItem","position":3,"name":"Filtre \u00e0 huile (carafe + 1 cartouche) &#8211; Harvest Right"}]},{"@type":"WebSite","@id":"https:\/\/lyo-robots.eu\/#website","url":"https:\/\/lyo-robots.eu\/","name":"Robots Lyo","description":"","publisher":{"@id":"https:\/\/lyo-robots.eu\/#organization"},"potentialAction":[{"@type":"SearchAction","target":{"@type":"EntryPoint","urlTemplate":"https:\/\/lyo-robots.eu\/?s={search_term_string}"},"query-input":{"@type":"PropertyValueSpecification","valueRequired":true,"valueName":"search_term_string"}}],"inLanguage":"es"},{"@type":"Organization","@id":"https:\/\/lyo-robots.eu\/#organization","name":"Robots Lyo","url":"https:\/\/lyo-robots.eu\/","logo":{"@type":"ImageObject","inLanguage":"es","@id":"https:\/\/lyo-robots.eu\/#\/schema\/logo\/image\/","url":"https:\/\/lyo-robots.eu\/wp-content\/uploads\/2025\/07\/logo-lyo-robots_couleurs.webp","contentUrl":"https:\/\/lyo-robots.eu\/wp-content\/uploads\/2025\/07\/logo-lyo-robots_couleurs.webp","width":1000,"height":592,"caption":"Lyo Robots"},"image":{"@id":"https:\/\/lyo-robots.eu\/#\/schema\/logo\/image\/"}}]}},"_links":{"self":[{"href":"https:\/\/lyo-robots.eu\/es\/wp-json\/wp\/v2\/product\/1040","targetHints":{"allow":["GET"]}}],"collection":[{"href":"https:\/\/lyo-robots.eu\/es\/wp-json\/wp\/v2\/product"}],"about":[{"href":"https:\/\/lyo-robots.eu\/es\/wp-json\/wp\/v2\/types\/product"}],"version-history":[{"count":8,"href":"https:\/\/lyo-robots.eu\/es\/wp-json\/wp\/v2\/product\/1040\/revisions"}],"predecessor-version":[{"id":1119,"href":"https:\/\/lyo-robots.eu\/es\/wp-json\/wp\/v2\/product\/1040\/revisions\/1119"}],"wp:featuredmedia":[{"embeddable":true,"href":"https:\/\/lyo-robots.eu\/es\/wp-json\/wp\/v2\/media\/670"}],"wp:attachment":[{"href":"https:\/\/lyo-robots.eu\/es\/wp-json\/wp\/v2\/media?parent=1040"}],"wp:term":[{"taxonomy":"product_brand","embeddable":true,"href":"https:\/\/lyo-robots.eu\/es\/wp-json\/wp\/v2\/product_brand?post=1040"},{"taxonomy":"product_cat","embeddable":true,"href":"https:\/\/lyo-robots.eu\/es\/wp-json\/wp\/v2\/product_cat?post=1040"},{"taxonomy":"product_tag","embeddable":true,"href":"https:\/\/lyo-robots.eu\/es\/wp-json\/wp\/v2\/product_tag?post=1040"}],"curies":[{"name":"wp","href":"https:\/\/api.w.org\/{rel}","templated":true}]}}