{"id":178,"date":"2025-07-24T11:26:14","date_gmt":"2025-07-24T11:26:14","guid":{"rendered":"https:\/\/lyorobots.com\/?page_id=178"},"modified":"2025-08-21T12:35:53","modified_gmt":"2025-08-21T12:35:53","slug":"a-propos","status":"publish","type":"page","link":"https:\/\/lyo-robots.eu\/es\/a-propos\/","title":{"rendered":"Qui\u00e9nes somos"},"content":{"rendered":"<div data-elementor-type=\"wp-page\" data-elementor-id=\"178\" class=\"elementor elementor-178\" data-elementor-settings=\"{&quot;ha_cmc_init_switcher&quot;:&quot;no&quot;}\" data-elementor-post-type=\"page\">\n\t\t\t\t<div class=\"elementor-element elementor-element-f822db7 e-flex e-con-boxed e-con e-parent\" data-id=\"f822db7\" data-element_type=\"container\" data-e-type=\"container\" data-settings=\"{&quot;_ha_eqh_enable&quot;:false}\">\n\t\t\t\t\t<div class=\"e-con-inner\">\n\t\t\t\t<div class=\"elementor-element elementor-element-746e2e9 elementor-widget elementor-widget-spacer\" data-id=\"746e2e9\" data-element_type=\"widget\" data-e-type=\"widget\" data-widget_type=\"spacer.default\">\n\t\t\t\t\t\t\t<div class=\"elementor-spacer\">\n\t\t\t<div class=\"elementor-spacer-inner\"><\/div>\n\t\t<\/div>\n\t\t\t\t\t\t<\/div>\n\t\t\t\t\t<\/div>\n\t\t\t\t<\/div>\n\t\t<div class=\"elementor-element elementor-element-769dd91 e-flex e-con-boxed e-con e-parent\" data-id=\"769dd91\" data-element_type=\"container\" data-e-type=\"container\" data-settings=\"{&quot;_ha_eqh_enable&quot;:false}\">\n\t\t\t\t\t<div class=\"e-con-inner\">\n\t\t<div class=\"elementor-element elementor-element-f847020 e-con-full e-flex e-con e-child\" data-id=\"f847020\" data-element_type=\"container\" data-e-type=\"container\" data-settings=\"{&quot;_ha_eqh_enable&quot;:false}\">\n\t\t\t\t<div class=\"elementor-element elementor-element-c6cfc40 elementor-widget elementor-widget-image\" data-id=\"c6cfc40\" data-element_type=\"widget\" data-e-type=\"widget\" data-widget_type=\"image.default\">\n\t\t\t\t\t\t\t\t\t\t\t\t\t\t\t<img loading=\"lazy\" decoding=\"async\" width=\"800\" height=\"540\" src=\"https:\/\/lyo-robots.eu\/wp-content\/uploads\/2025\/07\/photo-lyo-robots_apropos.jpg\" class=\"attachment-large size-large wp-image-181\" alt=\"\" srcset=\"https:\/\/lyo-robots.eu\/wp-content\/uploads\/2025\/07\/photo-lyo-robots_apropos.jpg 982w, https:\/\/lyo-robots.eu\/wp-content\/uploads\/2025\/07\/photo-lyo-robots_apropos-600x405.jpg 600w, https:\/\/lyo-robots.eu\/wp-content\/uploads\/2025\/07\/photo-lyo-robots_apropos-300x203.jpg 300w, https:\/\/lyo-robots.eu\/wp-content\/uploads\/2025\/07\/photo-lyo-robots_apropos-768x519.jpg 768w\" sizes=\"auto, (max-width: 800px) 100vw, 800px\" \/>\t\t\t\t\t\t\t\t\t\t\t\t\t\t\t<\/div>\n\t\t\t\t<\/div>\n\t\t<div class=\"elementor-element elementor-element-a6944a5 e-con-full e-flex e-con e-child\" data-id=\"a6944a5\" data-element_type=\"container\" data-e-type=\"container\" data-settings=\"{&quot;_ha_eqh_enable&quot;:false}\">\n\t\t\t\t<div class=\"elementor-element elementor-element-82153f8 elementor-widget elementor-widget-image\" data-id=\"82153f8\" data-element_type=\"widget\" data-e-type=\"widget\" data-widget_type=\"image.default\">\n\t\t\t\t\t\t\t\t\t\t\t\t\t\t\t<img loading=\"lazy\" decoding=\"async\" width=\"800\" height=\"474\" src=\"https:\/\/lyo-robots.eu\/wp-content\/uploads\/2025\/07\/logo-lyo-robots_couleurs.webp\" class=\"attachment-large size-large wp-image-24\" alt=\"Logo Lyo Robots\" srcset=\"https:\/\/lyo-robots.eu\/wp-content\/uploads\/2025\/07\/logo-lyo-robots_couleurs.webp 1000w, https:\/\/lyo-robots.eu\/wp-content\/uploads\/2025\/07\/logo-lyo-robots_couleurs-600x355.webp 600w, https:\/\/lyo-robots.eu\/wp-content\/uploads\/2025\/07\/logo-lyo-robots_couleurs-300x178.webp 300w, https:\/\/lyo-robots.eu\/wp-content\/uploads\/2025\/07\/logo-lyo-robots_couleurs-768x455.webp 768w\" sizes=\"auto, (max-width: 800px) 100vw, 800px\" \/>\t\t\t\t\t\t\t\t\t\t\t\t\t\t\t<\/div>\n\t\t\t\t<div class=\"elementor-element elementor-element-e27b101 elementor-widget elementor-widget-text-editor\" data-id=\"e27b101\" data-element_type=\"widget\" data-e-type=\"widget\" data-widget_type=\"text-editor.default\">\n\t\t\t\t\t\t\t\t\t<p><strong>Es la historia de una idea sencilla: poner la liofilizaci\u00f3n al alcance de todos.<\/strong><\/p><p>Esta tecnolog\u00eda, reservada durante mucho tiempo a la industria, llega ahora a las cocinas de chefs, productores e incluso particulares.<\/p><p>Con m\u00e1quinas f\u00e1ciles de usar, potentes y compactas, <br \/>Lyo-Robots permite a todo el mundo conservar sus alimentos, reducir los residuos y crear de forma diferente. Es una peque\u00f1a revoluci\u00f3n culinaria, pensada para las personas que quieren consumir y conservar mejor.<\/p>\t\t\t\t\t\t\t\t<\/div>\n\t\t\t\t<\/div>\n\t\t\t\t\t<\/div>\n\t\t\t\t<\/div>\n\t\t<div class=\"elementor-element elementor-element-4304eac e-flex e-con-boxed e-con e-parent\" data-id=\"4304eac\" data-element_type=\"container\" data-e-type=\"container\" data-settings=\"{&quot;_ha_eqh_enable&quot;:false}\">\n\t\t\t\t\t<div class=\"e-con-inner\">\n\t\t\t\t<div class=\"elementor-element elementor-element-70b7a63 elementor-widget elementor-widget-spacer\" data-id=\"70b7a63\" data-element_type=\"widget\" data-e-type=\"widget\" data-widget_type=\"spacer.default\">\n\t\t\t\t\t\t\t<div class=\"elementor-spacer\">\n\t\t\t<div class=\"elementor-spacer-inner\"><\/div>\n\t\t<\/div>\n\t\t\t\t\t\t<\/div>\n\t\t\t\t\t<\/div>\n\t\t\t\t<\/div>\n\t\t<div class=\"elementor-element elementor-element-d3665a7 e-flex e-con-boxed e-con e-parent\" data-id=\"d3665a7\" data-element_type=\"container\" data-e-type=\"container\" data-settings=\"{&quot;background_background&quot;:&quot;classic&quot;,&quot;_ha_eqh_enable&quot;:false}\">\n\t\t\t\t\t<div class=\"e-con-inner\">\n\t\t\t\t<div class=\"elementor-element elementor-element-76d4b96 elementor-widget elementor-widget-spacer\" data-id=\"76d4b96\" data-element_type=\"widget\" data-e-type=\"widget\" data-widget_type=\"spacer.default\">\n\t\t\t\t\t\t\t<div class=\"elementor-spacer\">\n\t\t\t<div class=\"elementor-spacer-inner\"><\/div>\n\t\t<\/div>\n\t\t\t\t\t\t<\/div>\n\t\t\t\t<div class=\"elementor-element elementor-element-fe7eb9b elementor-headline--style-highlight elementor-widget elementor-widget-animated-headline\" data-id=\"fe7eb9b\" data-element_type=\"widget\" data-e-type=\"widget\" data-settings=\"{&quot;marker&quot;:&quot;underline&quot;,&quot;highlighted_text&quot;:&quot;au projet&quot;,&quot;headline_style&quot;:&quot;highlight&quot;,&quot;loop&quot;:&quot;yes&quot;,&quot;highlight_animation_duration&quot;:1200,&quot;highlight_iteration_delay&quot;:8000}\" data-widget_type=\"animated-headline.default\">\n\t\t\t\t\t\t\t<h3 class=\"elementor-headline\">\n\t\t\t\t\t<span class=\"elementor-headline-plain-text elementor-headline-text-wrapper\">De la idea<\/span>\n\t\t\t\t<span class=\"elementor-headline-dynamic-wrapper elementor-headline-text-wrapper\">\n\t\t\t\t\t<span class=\"elementor-headline-dynamic-text elementor-headline-text-active\">proyecto<\/span>\n\t\t\t\t<\/span>\n\t\t\t\t<\/h3>\n\t\t\t\t\t\t<\/div>\n\t\t\t\t<div class=\"elementor-element elementor-element-b7dbdcd elementor-widget elementor-widget-text-editor\" data-id=\"b7dbdcd\" data-element_type=\"widget\" data-e-type=\"widget\" data-widget_type=\"text-editor.default\">\n\t\t\t\t\t\t\t\t\t<p>Fundada por Manu Letellier, un emprendedor apasionado por la tecnolog\u00eda y la innovaci\u00f3n, Lyo Robots naci\u00f3 de una misi\u00f3n simple pero poderosa: combatir el desperdicio de alimentos mediante soluciones tecnol\u00f3gicas de vanguardia.<\/p>\t\t\t\t\t\t\t\t<\/div>\n\t\t\t\t<div class=\"elementor-element elementor-element-effb884 elementor-headline--style-rotate elementor-widget elementor-widget-animated-headline\" data-id=\"effb884\" data-element_type=\"widget\" data-e-type=\"widget\" data-settings=\"{&quot;headline_style&quot;:&quot;rotate&quot;,&quot;rotating_text&quot;:&quot;Sushi Robots&quot;,&quot;animation_type&quot;:&quot;typing&quot;,&quot;rotate_iteration_delay&quot;:2500}\" data-widget_type=\"animated-headline.default\">\n\t\t\t\t\t\t\t<h3 class=\"elementor-headline elementor-headline-animation-type-typing elementor-headline-letters\">\n\t\t\t\t\t<span class=\"elementor-headline-plain-text elementor-headline-text-wrapper\">Nuestro patrimonio<\/span>\n\t\t\t\t<span class=\"elementor-headline-dynamic-wrapper elementor-headline-text-wrapper\">\n\t\t\t\t\t<span class=\"elementor-headline-dynamic-text elementor-headline-text-active\">\n\t\t\t\tRobots Sushi\t\t\t<\/span>\n\t\t\t\t\t\t<\/span>\n\t\t\t\t<\/h3>\n\t\t\t\t\t\t<\/div>\n\t\t\t\t<div class=\"elementor-element elementor-element-2d0236d elementor-widget elementor-widget-text-editor\" data-id=\"2d0236d\" data-element_type=\"widget\" data-e-type=\"widget\" data-widget_type=\"text-editor.default\">\n\t\t\t\t\t\t\t\t\t<p>Manu Letellier no es ajeno al mundo de los robots y la automatizaci\u00f3n. <br \/>Antes de Lyo Robots, pas\u00f3 una d\u00e9cada al frente de Sushi Robots, una empresa que revolucion\u00f3 el sector de la restauraci\u00f3n. Al popularizar las m\u00e1quinas de sushi y hacerlas imprescindibles para determinados establecimientos, Sushi Robots no solo mejor\u00f3 las condiciones de higiene, sino que impuls\u00f3 la productividad de los restaurantes.<\/p>\t\t\t\t\t\t\t\t<\/div>\n\t\t\t\t<div class=\"elementor-element elementor-element-d62b738 elementor-widget elementor-widget-image\" data-id=\"d62b738\" data-element_type=\"widget\" data-e-type=\"widget\" data-widget_type=\"image.default\">\n\t\t\t\t\t\t\t\t\t\t\t\t\t\t\t<img loading=\"lazy\" decoding=\"async\" width=\"688\" height=\"233\" src=\"https:\/\/lyo-robots.eu\/wp-content\/uploads\/2025\/07\/logoblanc.png\" class=\"attachment-large size-large wp-image-182\" alt=\"\" srcset=\"https:\/\/lyo-robots.eu\/wp-content\/uploads\/2025\/07\/logoblanc.png 688w, https:\/\/lyo-robots.eu\/wp-content\/uploads\/2025\/07\/logoblanc-600x203.png 600w, https:\/\/lyo-robots.eu\/wp-content\/uploads\/2025\/07\/logoblanc-300x102.png 300w\" sizes=\"auto, (max-width: 688px) 100vw, 688px\" \/>\t\t\t\t\t\t\t\t\t\t\t\t\t\t\t<\/div>\n\t\t\t\t<div class=\"elementor-element elementor-element-97d3731 elementor-widget elementor-widget-spacer\" data-id=\"97d3731\" data-element_type=\"widget\" data-e-type=\"widget\" data-widget_type=\"spacer.default\">\n\t\t\t\t\t\t\t<div class=\"elementor-spacer\">\n\t\t\t<div class=\"elementor-spacer-inner\"><\/div>\n\t\t<\/div>\n\t\t\t\t\t\t<\/div>\n\t\t\t\t<div class=\"elementor-element elementor-element-b0d908f elementor-mobile-align-center elementor-widget elementor-widget-button\" data-id=\"b0d908f\" data-element_type=\"widget\" data-e-type=\"widget\" data-widget_type=\"button.default\">\n\t\t\t\t\t\t\t\t\t\t<a class=\"elementor-button elementor-button-link elementor-size-sm\" href=\"https:\/\/sushi-robots.eu\/\">\n\t\t\t\t\t\t<span class=\"elementor-button-content-wrapper\">\n\t\t\t\t\t\t\t\t\t<span class=\"elementor-button-text\">Descubra<\/span>\n\t\t\t\t\t<\/span>\n\t\t\t\t\t<\/a>\n\t\t\t\t\t\t\t\t<\/div>\n\t\t\t\t<div class=\"elementor-element elementor-element-223493b elementor-widget elementor-widget-spacer\" data-id=\"223493b\" data-element_type=\"widget\" data-e-type=\"widget\" data-widget_type=\"spacer.default\">\n\t\t\t\t\t\t\t<div class=\"elementor-spacer\">\n\t\t\t<div class=\"elementor-spacer-inner\"><\/div>\n\t\t<\/div>\n\t\t\t\t\t\t<\/div>\n\t\t\t\t\t<\/div>\n\t\t\t\t<\/div>\n\t\t<div class=\"elementor-element elementor-element-4d3cdf9 e-flex e-con-boxed e-con e-parent\" data-id=\"4d3cdf9\" data-element_type=\"container\" data-e-type=\"container\" data-settings=\"{&quot;background_background&quot;:&quot;classic&quot;,&quot;_ha_eqh_enable&quot;:false}\">\n\t\t\t\t\t<div class=\"e-con-inner\">\n\t\t\t\t<div class=\"elementor-element elementor-element-10bf19a elementor-widget elementor-widget-spacer\" data-id=\"10bf19a\" data-element_type=\"widget\" data-e-type=\"widget\" data-widget_type=\"spacer.default\">\n\t\t\t\t\t\t\t<div class=\"elementor-spacer\">\n\t\t\t<div class=\"elementor-spacer-inner\"><\/div>\n\t\t<\/div>\n\t\t\t\t\t\t<\/div>\n\t\t\t\t<div class=\"elementor-element elementor-element-320dfcc elementor-widget elementor-widget-heading\" data-id=\"320dfcc\" data-element_type=\"widget\" data-e-type=\"widget\" data-widget_type=\"heading.default\">\n\t\t\t\t\t<h2 class=\"elementor-heading-title elementor-size-default\">Una nueva aventura<\/h2>\t\t\t\t<\/div>\n\t\t\t\t<div class=\"elementor-element elementor-element-134e51c elementor-widget elementor-widget-text-editor\" data-id=\"134e51c\" data-element_type=\"widget\" data-e-type=\"widget\" data-widget_type=\"text-editor.default\">\n\t\t\t\t\t\t\t\t\t<p>Con varios a\u00f1os de experiencia en los sectores minorista y de restauraci\u00f3n, nos enfrent\u00e1bamos cada d\u00eda a la magnitud de los residuos, lo que nos impuls\u00f3 a buscar una soluci\u00f3n concreta y sostenible.<\/p>\t\t\t\t\t\t\t\t<\/div>\n\t\t\t\t<div class=\"elementor-element elementor-element-a65d947 elementor-widget elementor-widget-text-editor\" data-id=\"a65d947\" data-element_type=\"widget\" data-e-type=\"widget\" data-widget_type=\"text-editor.default\">\n\t\t\t\t\t\t\t\t\t<p><strong>Tras varios a\u00f1os de rigurosas investigaciones y pruebas, Lyo Robots est\u00e1 por fin listo para convertirse en un actor mundial de la ecorresponsabilidad.<\/strong><br \/><strong>Estamos encantados de invitarle a formar parte de esta emocionante y significativa aventura.<\/strong><\/p>\t\t\t\t\t\t\t\t<\/div>\n\t\t\t\t<div class=\"elementor-element elementor-element-d33206d elementor-align-center elementor-widget elementor-widget-button\" data-id=\"d33206d\" data-element_type=\"widget\" data-e-type=\"widget\" data-widget_type=\"button.default\">\n\t\t\t\t\t\t\t\t\t\t<a class=\"elementor-button elementor-button-link elementor-size-sm\" href=\"https:\/\/lyo-robots.eu\/index.php\/la-lyophilisation-pour-les-particuliers\/\">\n\t\t\t\t\t\t<span class=\"elementor-button-content-wrapper\">\n\t\t\t\t\t\t\t\t\t<span class=\"elementor-button-text\">M\u00e1s informaci\u00f3n sobre liofilizaci\u00f3n<\/span>\n\t\t\t\t\t<\/span>\n\t\t\t\t\t<\/a>\n\t\t\t\t\t\t\t\t<\/div>\n\t\t\t\t<div class=\"elementor-element elementor-element-5a9b058 elementor-widget elementor-widget-spacer\" data-id=\"5a9b058\" data-element_type=\"widget\" data-e-type=\"widget\" data-widget_type=\"spacer.default\">\n\t\t\t\t\t\t\t<div class=\"elementor-spacer\">\n\t\t\t<div class=\"elementor-spacer-inner\"><\/div>\n\t\t<\/div>\n\t\t\t\t\t\t<\/div>\n\t\t\t\t\t<\/div>\n\t\t\t\t<\/div>\n\t\t\t\t<\/div>","protected":false},"excerpt":{"rendered":"<p>C\u2019est l\u2019histoire d\u2019une id\u00e9e simple : rendre la lyophilisation accessible \u00e0 tous. Longtemps r\u00e9serv\u00e9e \u00e0 l\u2019industrie, cette technologie arrive aujourd\u2019hui dans les cuisines des chefs, des producteurs et m\u00eame des particuliers. Avec des machines faciles \u00e0 utiliser, performantes et compactes, Lyo-Robots permet \u00e0 chacun de pr\u00e9server ses aliments, de r\u00e9duire le gaspillage et de cr\u00e9er [&hellip;]<\/p>\n","protected":false},"author":4,"featured_media":0,"parent":0,"menu_order":0,"comment_status":"closed","ping_status":"closed","template":"","meta":{"_acf_changed":false,"footnotes":""},"class_list":["post-178","page","type-page","status-publish","hentry"],"acf":[],"yoast_head":"<!-- This site is optimized with the Yoast SEO plugin v27.3 - https:\/\/yoast.com\/product\/yoast-seo-wordpress\/ -->\n<title>\u00c0 propos - Lyo-Robots<\/title>\n<meta name=\"description\" content=\"D\u00e9couvrez l\u2019histoire de Lyo-Robots, expert en lyophilisation, au service des chefs et professionnels de la gastronomie.\" \/>\n<meta name=\"robots\" content=\"index, follow, max-snippet:-1, max-image-preview:large, max-video-preview:-1\" \/>\n<link rel=\"canonical\" href=\"https:\/\/lyo-robots.eu\/es\/a-propos\/\" \/>\n<meta property=\"og:locale\" content=\"es_ES\" \/>\n<meta property=\"og:type\" content=\"article\" \/>\n<meta property=\"og:title\" content=\"\u00c0 propos - Lyo-Robots\" \/>\n<meta property=\"og:description\" content=\"D\u00e9couvrez l\u2019histoire de Lyo-Robots, expert en lyophilisation, au service des chefs et professionnels de la gastronomie.\" \/>\n<meta property=\"og:url\" content=\"https:\/\/lyo-robots.eu\/es\/a-propos\/\" \/>\n<meta property=\"og:site_name\" content=\"Lyo Robots\" \/>\n<meta property=\"article:modified_time\" content=\"2025-08-21T12:35:53+00:00\" \/>\n<meta property=\"og:image\" content=\"https:\/\/lyo-robots.eu\/wp-content\/uploads\/2025\/07\/photo-lyo-robots_apropos.jpg\" \/>\n<meta name=\"twitter:card\" content=\"summary_large_image\" \/>\n<meta name=\"twitter:label1\" content=\"Tiempo de lectura\" \/>\n\t<meta name=\"twitter:data1\" content=\"2 minutos\" \/>\n<script type=\"application\/ld+json\" class=\"yoast-schema-graph\">{\"@context\":\"https:\\\/\\\/schema.org\",\"@graph\":[{\"@type\":\"WebPage\",\"@id\":\"https:\\\/\\\/lyo-robots.eu\\\/a-propos\\\/\",\"url\":\"https:\\\/\\\/lyo-robots.eu\\\/a-propos\\\/\",\"name\":\"\u00c0 propos - Lyo-Robots\",\"isPartOf\":{\"@id\":\"https:\\\/\\\/lyo-robots.eu\\\/#website\"},\"primaryImageOfPage\":{\"@id\":\"https:\\\/\\\/lyo-robots.eu\\\/a-propos\\\/#primaryimage\"},\"image\":{\"@id\":\"https:\\\/\\\/lyo-robots.eu\\\/a-propos\\\/#primaryimage\"},\"thumbnailUrl\":\"https:\\\/\\\/lyo-robots.eu\\\/wp-content\\\/uploads\\\/2025\\\/07\\\/photo-lyo-robots_apropos.jpg\",\"datePublished\":\"2025-07-24T11:26:14+00:00\",\"dateModified\":\"2025-08-21T12:35:53+00:00\",\"description\":\"D\u00e9couvrez l\u2019histoire de Lyo-Robots, expert en lyophilisation, au service des chefs et professionnels de la gastronomie.\",\"breadcrumb\":{\"@id\":\"https:\\\/\\\/lyo-robots.eu\\\/a-propos\\\/#breadcrumb\"},\"inLanguage\":\"es\",\"potentialAction\":[{\"@type\":\"ReadAction\",\"target\":[\"https:\\\/\\\/lyo-robots.eu\\\/a-propos\\\/\"]}]},{\"@type\":\"ImageObject\",\"inLanguage\":\"es\",\"@id\":\"https:\\\/\\\/lyo-robots.eu\\\/a-propos\\\/#primaryimage\",\"url\":\"https:\\\/\\\/lyo-robots.eu\\\/wp-content\\\/uploads\\\/2025\\\/07\\\/photo-lyo-robots_apropos.jpg\",\"contentUrl\":\"https:\\\/\\\/lyo-robots.eu\\\/wp-content\\\/uploads\\\/2025\\\/07\\\/photo-lyo-robots_apropos.jpg\"},{\"@type\":\"BreadcrumbList\",\"@id\":\"https:\\\/\\\/lyo-robots.eu\\\/a-propos\\\/#breadcrumb\",\"itemListElement\":[{\"@type\":\"ListItem\",\"position\":1,\"name\":\"Home\",\"item\":\"https:\\\/\\\/lyo-robots.eu\\\/\"},{\"@type\":\"ListItem\",\"position\":2,\"name\":\"\u00c0 propos\"}]},{\"@type\":\"WebSite\",\"@id\":\"https:\\\/\\\/lyo-robots.eu\\\/#website\",\"url\":\"https:\\\/\\\/lyo-robots.eu\\\/\",\"name\":\"Lyo Robots\",\"description\":\"\",\"publisher\":{\"@id\":\"https:\\\/\\\/lyo-robots.eu\\\/#organization\"},\"potentialAction\":[{\"@type\":\"SearchAction\",\"target\":{\"@type\":\"EntryPoint\",\"urlTemplate\":\"https:\\\/\\\/lyo-robots.eu\\\/?s={search_term_string}\"},\"query-input\":{\"@type\":\"PropertyValueSpecification\",\"valueRequired\":true,\"valueName\":\"search_term_string\"}}],\"inLanguage\":\"es\"},{\"@type\":\"Organization\",\"@id\":\"https:\\\/\\\/lyo-robots.eu\\\/#organization\",\"name\":\"Lyo Robots\",\"url\":\"https:\\\/\\\/lyo-robots.eu\\\/\",\"logo\":{\"@type\":\"ImageObject\",\"inLanguage\":\"es\",\"@id\":\"https:\\\/\\\/lyo-robots.eu\\\/#\\\/schema\\\/logo\\\/image\\\/\",\"url\":\"https:\\\/\\\/lyo-robots.eu\\\/wp-content\\\/uploads\\\/2025\\\/07\\\/logo-lyo-robots_couleurs.webp\",\"contentUrl\":\"https:\\\/\\\/lyo-robots.eu\\\/wp-content\\\/uploads\\\/2025\\\/07\\\/logo-lyo-robots_couleurs.webp\",\"width\":1000,\"height\":592,\"caption\":\"Lyo Robots\"},\"image\":{\"@id\":\"https:\\\/\\\/lyo-robots.eu\\\/#\\\/schema\\\/logo\\\/image\\\/\"}}]}<\/script>\n<!-- \/ Yoast SEO plugin. -->","yoast_head_json":{"title":"Acerca de - Lyo-Robots","description":"Descubra la historia de Lyo-Robots, expertos en liofilizaci\u00f3n al servicio de chefs y profesionales de la gastronom\u00eda.","robots":{"index":"index","follow":"follow","max-snippet":"max-snippet:-1","max-image-preview":"max-image-preview:large","max-video-preview":"max-video-preview:-1"},"canonical":"https:\/\/lyo-robots.eu\/es\/a-propos\/","og_locale":"es_ES","og_type":"article","og_title":"\u00c0 propos - Lyo-Robots","og_description":"D\u00e9couvrez l\u2019histoire de Lyo-Robots, expert en lyophilisation, au service des chefs et professionnels de la gastronomie.","og_url":"https:\/\/lyo-robots.eu\/es\/a-propos\/","og_site_name":"Lyo Robots","article_modified_time":"2025-08-21T12:35:53+00:00","og_image":[{"url":"https:\/\/lyo-robots.eu\/wp-content\/uploads\/2025\/07\/photo-lyo-robots_apropos.jpg","type":"","width":"","height":""}],"twitter_card":"summary_large_image","twitter_misc":{"Tiempo de lectura":"2 minutos"},"schema":{"@context":"https:\/\/schema.org","@graph":[{"@type":"WebPage","@id":"https:\/\/lyo-robots.eu\/a-propos\/","url":"https:\/\/lyo-robots.eu\/a-propos\/","name":"Acerca de - Lyo-Robots","isPartOf":{"@id":"https:\/\/lyo-robots.eu\/#website"},"primaryImageOfPage":{"@id":"https:\/\/lyo-robots.eu\/a-propos\/#primaryimage"},"image":{"@id":"https:\/\/lyo-robots.eu\/a-propos\/#primaryimage"},"thumbnailUrl":"https:\/\/lyo-robots.eu\/wp-content\/uploads\/2025\/07\/photo-lyo-robots_apropos.jpg","datePublished":"2025-07-24T11:26:14+00:00","dateModified":"2025-08-21T12:35:53+00:00","description":"Descubra la historia de Lyo-Robots, expertos en liofilizaci\u00f3n al servicio de chefs y profesionales de la gastronom\u00eda.","breadcrumb":{"@id":"https:\/\/lyo-robots.eu\/a-propos\/#breadcrumb"},"inLanguage":"es","potentialAction":[{"@type":"ReadAction","target":["https:\/\/lyo-robots.eu\/a-propos\/"]}]},{"@type":"ImageObject","inLanguage":"es","@id":"https:\/\/lyo-robots.eu\/a-propos\/#primaryimage","url":"https:\/\/lyo-robots.eu\/wp-content\/uploads\/2025\/07\/photo-lyo-robots_apropos.jpg","contentUrl":"https:\/\/lyo-robots.eu\/wp-content\/uploads\/2025\/07\/photo-lyo-robots_apropos.jpg"},{"@type":"BreadcrumbList","@id":"https:\/\/lyo-robots.eu\/a-propos\/#breadcrumb","itemListElement":[{"@type":"ListItem","position":1,"name":"Home","item":"https:\/\/lyo-robots.eu\/"},{"@type":"ListItem","position":2,"name":"\u00c0 propos"}]},{"@type":"WebSite","@id":"https:\/\/lyo-robots.eu\/#website","url":"https:\/\/lyo-robots.eu\/","name":"Robots Lyo","description":"","publisher":{"@id":"https:\/\/lyo-robots.eu\/#organization"},"potentialAction":[{"@type":"SearchAction","target":{"@type":"EntryPoint","urlTemplate":"https:\/\/lyo-robots.eu\/?s={search_term_string}"},"query-input":{"@type":"PropertyValueSpecification","valueRequired":true,"valueName":"search_term_string"}}],"inLanguage":"es"},{"@type":"Organization","@id":"https:\/\/lyo-robots.eu\/#organization","name":"Robots Lyo","url":"https:\/\/lyo-robots.eu\/","logo":{"@type":"ImageObject","inLanguage":"es","@id":"https:\/\/lyo-robots.eu\/#\/schema\/logo\/image\/","url":"https:\/\/lyo-robots.eu\/wp-content\/uploads\/2025\/07\/logo-lyo-robots_couleurs.webp","contentUrl":"https:\/\/lyo-robots.eu\/wp-content\/uploads\/2025\/07\/logo-lyo-robots_couleurs.webp","width":1000,"height":592,"caption":"Lyo Robots"},"image":{"@id":"https:\/\/lyo-robots.eu\/#\/schema\/logo\/image\/"}}]}},"_links":{"self":[{"href":"https:\/\/lyo-robots.eu\/es\/wp-json\/wp\/v2\/pages\/178","targetHints":{"allow":["GET"]}}],"collection":[{"href":"https:\/\/lyo-robots.eu\/es\/wp-json\/wp\/v2\/pages"}],"about":[{"href":"https:\/\/lyo-robots.eu\/es\/wp-json\/wp\/v2\/types\/page"}],"author":[{"embeddable":true,"href":"https:\/\/lyo-robots.eu\/es\/wp-json\/wp\/v2\/users\/4"}],"replies":[{"embeddable":true,"href":"https:\/\/lyo-robots.eu\/es\/wp-json\/wp\/v2\/comments?post=178"}],"version-history":[{"count":19,"href":"https:\/\/lyo-robots.eu\/es\/wp-json\/wp\/v2\/pages\/178\/revisions"}],"predecessor-version":[{"id":1767,"href":"https:\/\/lyo-robots.eu\/es\/wp-json\/wp\/v2\/pages\/178\/revisions\/1767"}],"wp:attachment":[{"href":"https:\/\/lyo-robots.eu\/es\/wp-json\/wp\/v2\/media?parent=178"}],"curies":[{"name":"wp","href":"https:\/\/api.w.org\/{rel}","templated":true}]}}