{"id":1390,"date":"2025-08-13T14:10:35","date_gmt":"2025-08-13T14:10:35","guid":{"rendered":"https:\/\/lyorobots.com\/?post_type=product&#038;p=1390"},"modified":"2025-08-13T14:14:23","modified_gmt":"2025-08-13T14:14:23","slug":"pompe-a-vide-a-huile-xl-premier-harvest-right","status":"publish","type":"product","link":"https:\/\/lyo-robots.eu\/en\/product\/pompe-a-vide-a-huile-xl-premier-harvest-right\/","title":{"rendered":"XL Premier oil vacuum pump - Harvest Right"},"content":{"rendered":"<div data-elementor-type=\"product-post\" data-elementor-id=\"1390\" class=\"elementor elementor-1390\" data-elementor-settings=\"{&quot;ha_cmc_init_switcher&quot;:&quot;no&quot;}\" data-elementor-post-type=\"product\">\n\t\t\t\t<div class=\"elementor-element elementor-element-66e66f8 e-con-full e-flex e-con e-parent\" data-id=\"66e66f8\" data-element_type=\"container\" data-e-type=\"container\" data-settings=\"{&quot;background_background&quot;:&quot;classic&quot;,&quot;_ha_eqh_enable&quot;:false}\">\n\t\t<div class=\"elementor-element elementor-element-8e96673 e-flex e-con-boxed e-con e-child\" data-id=\"8e96673\" data-element_type=\"container\" data-e-type=\"container\" data-settings=\"{&quot;_ha_eqh_enable&quot;:false}\">\n\t\t\t\t\t<div class=\"e-con-inner\">\n\t\t\t\t<div class=\"elementor-element elementor-element-ab5ff08 elementor-widget elementor-widget-heading\" data-id=\"ab5ff08\" data-element_type=\"widget\" data-e-type=\"widget\" data-widget_type=\"heading.default\">\n\t\t\t\t\t<h2 class=\"elementor-heading-title elementor-size-default\">Features<\/h2>\t\t\t\t<\/div>\n\t\t\t\t<div class=\"elementor-element elementor-element-56a7dce elementor-widget__width-initial elementor-widget elementor-widget-n-accordion\" data-id=\"56a7dce\" data-element_type=\"widget\" data-e-type=\"widget\" data-settings=\"{&quot;default_state&quot;:&quot;expanded&quot;,&quot;max_items_expended&quot;:&quot;one&quot;,&quot;n_accordion_animation_duration&quot;:{&quot;unit&quot;:&quot;ms&quot;,&quot;size&quot;:400,&quot;sizes&quot;:[]}}\" data-widget_type=\"nested-accordion.default\">\n\t\t\t\t\t\t\t<div class=\"e-n-accordion\" aria-label=\"Accordion. Open links with Enter or Space, close with Escape, and navigate with Arrow Keys\">\n\t\t\t\t\t\t<details id=\"e-n-accordion-item-9080\" class=\"e-n-accordion-item\" open>\n\t\t\t\t<summary class=\"e-n-accordion-item-title\" data-accordion-index=\"1\" tabindex=\"0\" aria-expanded=\"true\" aria-controls=\"e-n-accordion-item-9080\" >\n\t\t\t\t\t<span class='e-n-accordion-item-title-header'><div class=\"e-n-accordion-item-title-text\"> Dimensions and weight <\/div><\/span>\n\t\t\t\t\t\t\t<span class='e-n-accordion-item-title-icon'>\n\t\t\t<span class='e-opened' ><svg aria-hidden=\"true\" class=\"e-font-icon-svg e-fas-arrow-circle-down\" viewbox=\"0 0 512 512\" xmlns=\"http:\/\/www.w3.org\/2000\/svg\"><path d=\"M504 256c0 137-111 248-248 248S8 393 8 256 119 8 256 8s248 111 248 248zm-143.6-28.9L288 302.6V120c0-13.3-10.7-24-24-24h-16c-13.3 0-24 10.7-24 24v182.6l-72.4-75.5c-9.3-9.7-24.8-9.9-34.3-.4l-10.9 11c-9.4 9.4-9.4 24.6 0 33.9L239 404.3c9.4 9.4 24.6 9.4 33.9 0l132.7-132.7c9.4-9.4 9.4-24.6 0-33.9l-10.9-11c-9.5-9.5-25-9.3-34.3.4z\"><\/path><\/svg><\/span>\n\t\t\t<span class='e-closed'><svg aria-hidden=\"true\" class=\"e-font-icon-svg e-fas-arrow-circle-up\" viewbox=\"0 0 512 512\" xmlns=\"http:\/\/www.w3.org\/2000\/svg\"><path d=\"M8 256C8 119 119 8 256 8s248 111 248 248-111 248-248 248S8 393 8 256zm143.6 28.9l72.4-75.5V392c0 13.3 10.7 24 24 24h16c13.3 0 24-10.7 24-24V209.4l72.4 75.5c9.3 9.7 24.8 9.9 34.3.4l10.9-11c9.4-9.4 9.4-24.6 0-33.9L273 107.7c-9.4-9.4-24.6-9.4-33.9 0L106.3 240.4c-9.4 9.4-9.4 24.6 0 33.9l10.9 11c9.6 9.5 25.1 9.3 34.4-.4z\"><\/path><\/svg><\/span>\n\t\t<\/span>\n\n\t\t\t\t\t\t<\/summary>\n\t\t\t\t<div role=\"region\" aria-labelledby=\"e-n-accordion-item-9080\" class=\"elementor-element elementor-element-891cdee e-con-full e-flex e-con e-child\" data-id=\"891cdee\" data-element_type=\"container\" data-e-type=\"container\" data-settings=\"{&quot;_ha_eqh_enable&quot;:false}\">\n\t\t\t\t<div class=\"elementor-element elementor-element-2b321fe elementor-widget elementor-widget-text-editor\" data-id=\"2b321fe\" data-element_type=\"widget\" data-e-type=\"widget\" data-widget_type=\"text-editor.default\">\n\t\t\t\t\t\t\t\t\t<p>Compact, with dimensions of 41.4 cm x 15.2 cm x 30.7 cm and a weight of 15.9 kg, it is easy to fit into a variety of workspaces.<\/p>\t\t\t\t\t\t\t\t<\/div>\n\t\t\t\t<\/div>\n\t\t\t\t\t<\/details>\n\t\t\t\t\t\t<details id=\"e-n-accordion-item-9081\" class=\"e-n-accordion-item\" >\n\t\t\t\t<summary class=\"e-n-accordion-item-title\" data-accordion-index=\"2\" tabindex=\"-1\" aria-expanded=\"false\" aria-controls=\"e-n-accordion-item-9081\" >\n\t\t\t\t\t<span class='e-n-accordion-item-title-header'><div class=\"e-n-accordion-item-title-text\"> Quiet operation <\/div><\/span>\n\t\t\t\t\t\t\t<span class='e-n-accordion-item-title-icon'>\n\t\t\t<span class='e-opened' ><svg aria-hidden=\"true\" class=\"e-font-icon-svg e-fas-arrow-circle-down\" viewbox=\"0 0 512 512\" xmlns=\"http:\/\/www.w3.org\/2000\/svg\"><path d=\"M504 256c0 137-111 248-248 248S8 393 8 256 119 8 256 8s248 111 248 248zm-143.6-28.9L288 302.6V120c0-13.3-10.7-24-24-24h-16c-13.3 0-24 10.7-24 24v182.6l-72.4-75.5c-9.3-9.7-24.8-9.9-34.3-.4l-10.9 11c-9.4 9.4-9.4 24.6 0 33.9L239 404.3c9.4 9.4 24.6 9.4 33.9 0l132.7-132.7c9.4-9.4 9.4-24.6 0-33.9l-10.9-11c-9.5-9.5-25-9.3-34.3.4z\"><\/path><\/svg><\/span>\n\t\t\t<span class='e-closed'><svg aria-hidden=\"true\" class=\"e-font-icon-svg e-fas-arrow-circle-up\" viewbox=\"0 0 512 512\" xmlns=\"http:\/\/www.w3.org\/2000\/svg\"><path d=\"M8 256C8 119 119 8 256 8s248 111 248 248-111 248-248 248S8 393 8 256zm143.6 28.9l72.4-75.5V392c0 13.3 10.7 24 24 24h16c13.3 0 24-10.7 24-24V209.4l72.4 75.5c9.3 9.7 24.8 9.9 34.3.4l10.9-11c9.4-9.4 9.4-24.6 0-33.9L273 107.7c-9.4-9.4-24.6-9.4-33.9 0L106.3 240.4c-9.4 9.4-9.4 24.6 0 33.9l10.9 11c9.6 9.5 25.1 9.3 34.4-.4z\"><\/path><\/svg><\/span>\n\t\t<\/span>\n\n\t\t\t\t\t\t<\/summary>\n\t\t\t\t<div role=\"region\" aria-labelledby=\"e-n-accordion-item-9081\" class=\"elementor-element elementor-element-c560eac e-con-full e-flex e-con e-child\" data-id=\"c560eac\" data-element_type=\"container\" data-e-type=\"container\" data-settings=\"{&quot;_ha_eqh_enable&quot;:false}\">\n\t\t\t\t<div class=\"elementor-element elementor-element-ca8cd84 elementor-widget elementor-widget-text-editor\" data-id=\"ca8cd84\" data-element_type=\"widget\" data-e-type=\"widget\" data-widget_type=\"text-editor.default\">\n\t\t\t\t\t\t\t\t\t<p>With a noise level of 52 decibels, it ensures a more pleasant working environment, comparable to the noise of a refrigerator in operation.<\/p>\t\t\t\t\t\t\t\t<\/div>\n\t\t\t\t<\/div>\n\t\t\t\t\t<\/details>\n\t\t\t\t\t\t<details id=\"e-n-accordion-item-9082\" class=\"e-n-accordion-item\" >\n\t\t\t\t<summary class=\"e-n-accordion-item-title\" data-accordion-index=\"3\" tabindex=\"-1\" aria-expanded=\"false\" aria-controls=\"e-n-accordion-item-9082\" >\n\t\t\t\t\t<span class='e-n-accordion-item-title-header'><div class=\"e-n-accordion-item-title-text\"> Simplified maintenance <\/div><\/span>\n\t\t\t\t\t\t\t<span class='e-n-accordion-item-title-icon'>\n\t\t\t<span class='e-opened' ><svg aria-hidden=\"true\" class=\"e-font-icon-svg e-fas-arrow-circle-down\" viewbox=\"0 0 512 512\" xmlns=\"http:\/\/www.w3.org\/2000\/svg\"><path d=\"M504 256c0 137-111 248-248 248S8 393 8 256 119 8 256 8s248 111 248 248zm-143.6-28.9L288 302.6V120c0-13.3-10.7-24-24-24h-16c-13.3 0-24 10.7-24 24v182.6l-72.4-75.5c-9.3-9.7-24.8-9.9-34.3-.4l-10.9 11c-9.4 9.4-9.4 24.6 0 33.9L239 404.3c9.4 9.4 24.6 9.4 33.9 0l132.7-132.7c9.4-9.4 9.4-24.6 0-33.9l-10.9-11c-9.5-9.5-25-9.3-34.3.4z\"><\/path><\/svg><\/span>\n\t\t\t<span class='e-closed'><svg aria-hidden=\"true\" class=\"e-font-icon-svg e-fas-arrow-circle-up\" viewbox=\"0 0 512 512\" xmlns=\"http:\/\/www.w3.org\/2000\/svg\"><path d=\"M8 256C8 119 119 8 256 8s248 111 248 248-111 248-248 248S8 393 8 256zm143.6 28.9l72.4-75.5V392c0 13.3 10.7 24 24 24h16c13.3 0 24-10.7 24-24V209.4l72.4 75.5c9.3 9.7 24.8 9.9 34.3.4l10.9-11c9.4-9.4 9.4-24.6 0-33.9L273 107.7c-9.4-9.4-24.6-9.4-33.9 0L106.3 240.4c-9.4 9.4-9.4 24.6 0 33.9l10.9 11c9.6 9.5 25.1 9.3 34.4-.4z\"><\/path><\/svg><\/span>\n\t\t<\/span>\n\n\t\t\t\t\t\t<\/summary>\n\t\t\t\t<div role=\"region\" aria-labelledby=\"e-n-accordion-item-9082\" class=\"elementor-element elementor-element-0b75de0 e-con-full e-flex e-con e-child\" data-id=\"0b75de0\" data-element_type=\"container\" data-e-type=\"container\" data-settings=\"{&quot;_ha_eqh_enable&quot;:false}\">\n\t\t\t\t<div class=\"elementor-element elementor-element-3c7343f elementor-widget elementor-widget-text-editor\" data-id=\"3c7343f\" data-element_type=\"widget\" data-e-type=\"widget\" data-widget_type=\"text-editor.default\">\n\t\t\t\t\t\t\t\t\t<p>Simplified maintenance: Thanks to its gas ballast function, water does not stagnate in the oil, keeping it clean and clear even after 30 cycles or more. This means oil changes are spaced out, typically after 20 cycles, reducing maintenance time and costs.<\/p>\t\t\t\t\t\t\t\t<\/div>\n\t\t\t\t<\/div>\n\t\t\t\t\t<\/details>\n\t\t\t\t\t\t<details id=\"e-n-accordion-item-9083\" class=\"e-n-accordion-item\" >\n\t\t\t\t<summary class=\"e-n-accordion-item-title\" data-accordion-index=\"4\" tabindex=\"-1\" aria-expanded=\"false\" aria-controls=\"e-n-accordion-item-9083\" >\n\t\t\t\t\t<span class='e-n-accordion-item-title-header'><div class=\"e-n-accordion-item-title-text\"> Oil compatibility <\/div><\/span>\n\t\t\t\t\t\t\t<span class='e-n-accordion-item-title-icon'>\n\t\t\t<span class='e-opened' ><svg aria-hidden=\"true\" class=\"e-font-icon-svg e-fas-arrow-circle-down\" viewbox=\"0 0 512 512\" xmlns=\"http:\/\/www.w3.org\/2000\/svg\"><path d=\"M504 256c0 137-111 248-248 248S8 393 8 256 119 8 256 8s248 111 248 248zm-143.6-28.9L288 302.6V120c0-13.3-10.7-24-24-24h-16c-13.3 0-24 10.7-24 24v182.6l-72.4-75.5c-9.3-9.7-24.8-9.9-34.3-.4l-10.9 11c-9.4 9.4-9.4 24.6 0 33.9L239 404.3c9.4 9.4 24.6 9.4 33.9 0l132.7-132.7c9.4-9.4 9.4-24.6 0-33.9l-10.9-11c-9.5-9.5-25-9.3-34.3.4z\"><\/path><\/svg><\/span>\n\t\t\t<span class='e-closed'><svg aria-hidden=\"true\" class=\"e-font-icon-svg e-fas-arrow-circle-up\" viewbox=\"0 0 512 512\" xmlns=\"http:\/\/www.w3.org\/2000\/svg\"><path d=\"M8 256C8 119 119 8 256 8s248 111 248 248-111 248-248 248S8 393 8 256zm143.6 28.9l72.4-75.5V392c0 13.3 10.7 24 24 24h16c13.3 0 24-10.7 24-24V209.4l72.4 75.5c9.3 9.7 24.8 9.9 34.3.4l10.9-11c9.4-9.4 9.4-24.6 0-33.9L273 107.7c-9.4-9.4-24.6-9.4-33.9 0L106.3 240.4c-9.4 9.4-9.4 24.6 0 33.9l10.9 11c9.6 9.5 25.1 9.3 34.4-.4z\"><\/path><\/svg><\/span>\n\t\t<\/span>\n\n\t\t\t\t\t\t<\/summary>\n\t\t\t\t<div role=\"region\" aria-labelledby=\"e-n-accordion-item-9083\" class=\"elementor-element elementor-element-ff2a3f9 e-con-full e-flex e-con e-child\" data-id=\"ff2a3f9\" data-element_type=\"container\" data-e-type=\"container\" data-settings=\"{&quot;_ha_eqh_enable&quot;:false}\">\n\t\t\t\t<div class=\"elementor-element elementor-element-929b78a elementor-widget elementor-widget-text-editor\" data-id=\"929b78a\" data-element_type=\"widget\" data-e-type=\"widget\" data-widget_type=\"text-editor.default\">\n\t\t\t\t\t\t\t\t\t<p>Use only Robinair Premium High Vacuum Pump Oil or JB Industries Black Gold Vacuum Pump Oil to ensure optimum performance.<\/p>\t\t\t\t\t\t\t\t<\/div>\n\t\t\t\t<\/div>\n\t\t\t\t\t<\/details>\n\t\t\t\t\t\t<details id=\"e-n-accordion-item-9084\" class=\"e-n-accordion-item\" >\n\t\t\t\t<summary class=\"e-n-accordion-item-title\" data-accordion-index=\"5\" tabindex=\"-1\" aria-expanded=\"false\" aria-controls=\"e-n-accordion-item-9084\" >\n\t\t\t\t\t<span class='e-n-accordion-item-title-header'><div class=\"e-n-accordion-item-title-text\"> Compatibility of freeze-dryers <\/div><\/span>\n\t\t\t\t\t\t\t<span class='e-n-accordion-item-title-icon'>\n\t\t\t<span class='e-opened' ><svg aria-hidden=\"true\" class=\"e-font-icon-svg e-fas-arrow-circle-down\" viewbox=\"0 0 512 512\" xmlns=\"http:\/\/www.w3.org\/2000\/svg\"><path d=\"M504 256c0 137-111 248-248 248S8 393 8 256 119 8 256 8s248 111 248 248zm-143.6-28.9L288 302.6V120c0-13.3-10.7-24-24-24h-16c-13.3 0-24 10.7-24 24v182.6l-72.4-75.5c-9.3-9.7-24.8-9.9-34.3-.4l-10.9 11c-9.4 9.4-9.4 24.6 0 33.9L239 404.3c9.4 9.4 24.6 9.4 33.9 0l132.7-132.7c9.4-9.4 9.4-24.6 0-33.9l-10.9-11c-9.5-9.5-25-9.3-34.3.4z\"><\/path><\/svg><\/span>\n\t\t\t<span class='e-closed'><svg aria-hidden=\"true\" class=\"e-font-icon-svg e-fas-arrow-circle-up\" viewbox=\"0 0 512 512\" xmlns=\"http:\/\/www.w3.org\/2000\/svg\"><path d=\"M8 256C8 119 119 8 256 8s248 111 248 248-111 248-248 248S8 393 8 256zm143.6 28.9l72.4-75.5V392c0 13.3 10.7 24 24 24h16c13.3 0 24-10.7 24-24V209.4l72.4 75.5c9.3 9.7 24.8 9.9 34.3.4l10.9-11c9.4-9.4 9.4-24.6 0-33.9L273 107.7c-9.4-9.4-24.6-9.4-33.9 0L106.3 240.4c-9.4 9.4-9.4 24.6 0 33.9l10.9 11c9.6 9.5 25.1 9.3 34.4-.4z\"><\/path><\/svg><\/span>\n\t\t<\/span>\n\n\t\t\t\t\t\t<\/summary>\n\t\t\t\t<div role=\"region\" aria-labelledby=\"e-n-accordion-item-9084\" class=\"elementor-element elementor-element-a2ceb19 e-con-full e-flex e-con e-child\" data-id=\"a2ceb19\" data-element_type=\"container\" data-e-type=\"container\" data-settings=\"{&quot;_ha_eqh_enable&quot;:false}\">\n\t\t\t\t<div class=\"elementor-element elementor-element-d77dedc elementor-widget elementor-widget-text-editor\" data-id=\"d77dedc\" data-element_type=\"widget\" data-e-type=\"widget\" data-widget_type=\"text-editor.default\">\n\t\t\t\t\t\t\t\t\t<p>Designed exclusively for Harvest Right Large and X-Large freeze-dryers.<\/p>\t\t\t\t\t\t\t\t<\/div>\n\t\t\t\t<\/div>\n\t\t\t\t\t<\/details>\n\t\t\t\t\t<\/div>\n\t\t\t\t\t\t<\/div>\n\t\t\t\t\t<\/div>\n\t\t\t\t<\/div>\n\t\t<div class=\"elementor-element elementor-element-b58fefa e-flex e-con-boxed e-con e-child\" data-id=\"b58fefa\" data-element_type=\"container\" data-e-type=\"container\" data-settings=\"{&quot;_ha_eqh_enable&quot;:false}\">\n\t\t\t\t\t<div class=\"e-con-inner\">\n\t\t\t\t<div class=\"elementor-element elementor-element-5a35ab6 elementor-widget elementor-widget-image\" data-id=\"5a35ab6\" data-element_type=\"widget\" data-e-type=\"widget\" data-widget_type=\"image.default\">\n\t\t\t\t\t\t\t\t\t\t\t\t\t\t\t<img loading=\"lazy\" decoding=\"async\" width=\"800\" height=\"800\" src=\"https:\/\/lyo-robots.eu\/wp-content\/uploads\/2025\/08\/pompe-a-vide-XL-premier.png\" class=\"attachment-large size-large wp-image-1392\" alt=\"Photo sans fond Accessoire pompe a vide premium XL - Lyo Robots\" srcset=\"https:\/\/lyo-robots.eu\/wp-content\/uploads\/2025\/08\/pompe-a-vide-XL-premier.png 800w, https:\/\/lyo-robots.eu\/wp-content\/uploads\/2025\/08\/pompe-a-vide-XL-premier-300x300.png 300w, https:\/\/lyo-robots.eu\/wp-content\/uploads\/2025\/08\/pompe-a-vide-XL-premier-100x100.png 100w, https:\/\/lyo-robots.eu\/wp-content\/uploads\/2025\/08\/pompe-a-vide-XL-premier-600x600.png 600w, https:\/\/lyo-robots.eu\/wp-content\/uploads\/2025\/08\/pompe-a-vide-XL-premier-150x150.png 150w, https:\/\/lyo-robots.eu\/wp-content\/uploads\/2025\/08\/pompe-a-vide-XL-premier-768x768.png 768w\" sizes=\"auto, (max-width: 800px) 100vw, 800px\" \/>\t\t\t\t\t\t\t\t\t\t\t\t\t\t\t<\/div>\n\t\t\t\t\t<\/div>\n\t\t\t\t<\/div>\n\t\t\t\t<\/div>\n\t\t\t\t<\/div>","protected":false},"excerpt":{"rendered":"<p>Harvest Right's XL Premium pump offers industrial power, designed for Large and X-Large freeze-dryers.<\/p>\n<p>It features an energy-efficient DC motor, oversized oil tank and integrated filter, with simplified maintenance (oil change every 20-25 cycles).<\/p>","protected":false},"featured_media":1391,"template":"","meta":{"_acf_changed":false},"product_brand":[],"product_cat":[75],"product_tag":[],"class_list":{"0":"post-1390","1":"product","2":"type-product","3":"status-publish","4":"has-post-thumbnail","6":"product_cat-accessoires","8":"first","9":"instock","10":"taxable","11":"shipping-taxable","12":"purchasable","13":"product-type-simple"},"acf":[],"yoast_head":"<!-- This site is optimized with the Yoast SEO plugin v27.3 - https:\/\/yoast.com\/product\/yoast-seo-wordpress\/ -->\n<title>Pompe \u00e0 vide \u00e0 huile XL premier - Harvest Right<\/title>\n<meta name=\"description\" content=\"La pompe \u00e0 vide \u00e0 huile XL Premier Harvest Right, performante et durable pour optimiser la lyophilisation de vos aliments.\" \/>\n<meta name=\"robots\" content=\"index, follow, max-snippet:-1, max-image-preview:large, max-video-preview:-1\" \/>\n<link rel=\"canonical\" href=\"https:\/\/lyo-robots.eu\/en\/product\/pompe-a-vide-a-huile-xl-premier-harvest-right\/\" \/>\n<meta property=\"og:locale\" content=\"en_GB\" \/>\n<meta property=\"og:type\" content=\"article\" \/>\n<meta property=\"og:title\" content=\"Pompe \u00e0 vide \u00e0 huile XL premier - Harvest Right\" \/>\n<meta property=\"og:description\" content=\"La pompe \u00e0 vide \u00e0 huile XL Premier Harvest Right, performante et durable pour optimiser la lyophilisation de vos aliments.\" \/>\n<meta property=\"og:url\" content=\"https:\/\/lyo-robots.eu\/en\/product\/pompe-a-vide-a-huile-xl-premier-harvest-right\/\" \/>\n<meta property=\"og:site_name\" content=\"Lyo Robots\" \/>\n<meta property=\"article:modified_time\" content=\"2025-08-13T14:14:23+00:00\" \/>\n<meta property=\"og:image\" content=\"https:\/\/lyo-robots.eu\/wp-content\/uploads\/2025\/08\/pompe-a-vide-XL-premier.jpg\" \/>\n\t<meta property=\"og:image:width\" content=\"800\" \/>\n\t<meta property=\"og:image:height\" content=\"800\" \/>\n\t<meta property=\"og:image:type\" content=\"image\/jpeg\" \/>\n<meta name=\"twitter:card\" content=\"summary_large_image\" \/>\n<script type=\"application\/ld+json\" class=\"yoast-schema-graph\">{\"@context\":\"https:\\\/\\\/schema.org\",\"@graph\":[{\"@type\":\"WebPage\",\"@id\":\"https:\\\/\\\/lyo-robots.eu\\\/produit\\\/pompe-a-vide-a-huile-xl-premier-harvest-right\\\/\",\"url\":\"https:\\\/\\\/lyo-robots.eu\\\/produit\\\/pompe-a-vide-a-huile-xl-premier-harvest-right\\\/\",\"name\":\"Pompe \u00e0 vide \u00e0 huile XL premier - Harvest Right\",\"isPartOf\":{\"@id\":\"https:\\\/\\\/lyo-robots.eu\\\/#website\"},\"primaryImageOfPage\":{\"@id\":\"https:\\\/\\\/lyo-robots.eu\\\/produit\\\/pompe-a-vide-a-huile-xl-premier-harvest-right\\\/#primaryimage\"},\"image\":{\"@id\":\"https:\\\/\\\/lyo-robots.eu\\\/produit\\\/pompe-a-vide-a-huile-xl-premier-harvest-right\\\/#primaryimage\"},\"thumbnailUrl\":\"https:\\\/\\\/lyo-robots.eu\\\/wp-content\\\/uploads\\\/2025\\\/08\\\/pompe-a-vide-XL-premier.jpg\",\"datePublished\":\"2025-08-13T14:10:35+00:00\",\"dateModified\":\"2025-08-13T14:14:23+00:00\",\"description\":\"La pompe \u00e0 vide \u00e0 huile XL Premier Harvest Right, performante et durable pour optimiser la lyophilisation de vos aliments.\",\"breadcrumb\":{\"@id\":\"https:\\\/\\\/lyo-robots.eu\\\/produit\\\/pompe-a-vide-a-huile-xl-premier-harvest-right\\\/#breadcrumb\"},\"inLanguage\":\"en-GB\",\"potentialAction\":[{\"@type\":\"ReadAction\",\"target\":[\"https:\\\/\\\/lyo-robots.eu\\\/produit\\\/pompe-a-vide-a-huile-xl-premier-harvest-right\\\/\"]}]},{\"@type\":\"ImageObject\",\"inLanguage\":\"en-GB\",\"@id\":\"https:\\\/\\\/lyo-robots.eu\\\/produit\\\/pompe-a-vide-a-huile-xl-premier-harvest-right\\\/#primaryimage\",\"url\":\"https:\\\/\\\/lyo-robots.eu\\\/wp-content\\\/uploads\\\/2025\\\/08\\\/pompe-a-vide-XL-premier.jpg\",\"contentUrl\":\"https:\\\/\\\/lyo-robots.eu\\\/wp-content\\\/uploads\\\/2025\\\/08\\\/pompe-a-vide-XL-premier.jpg\",\"width\":800,\"height\":800,\"caption\":\"Photo Accessoire pompe a vide premium XL - Lyo Robots\"},{\"@type\":\"BreadcrumbList\",\"@id\":\"https:\\\/\\\/lyo-robots.eu\\\/produit\\\/pompe-a-vide-a-huile-xl-premier-harvest-right\\\/#breadcrumb\",\"itemListElement\":[{\"@type\":\"ListItem\",\"position\":1,\"name\":\"Home\",\"item\":\"https:\\\/\\\/lyo-robots.eu\\\/\"},{\"@type\":\"ListItem\",\"position\":2,\"name\":\"Produits\",\"item\":\"https:\\\/\\\/lyo-robots.eu\\\/shop\\\/\"},{\"@type\":\"ListItem\",\"position\":3,\"name\":\"Pompe \u00e0 vide \u00e0 huile XL premier &#8211; Harvest Right\"}]},{\"@type\":\"WebSite\",\"@id\":\"https:\\\/\\\/lyo-robots.eu\\\/#website\",\"url\":\"https:\\\/\\\/lyo-robots.eu\\\/\",\"name\":\"Lyo Robots\",\"description\":\"\",\"publisher\":{\"@id\":\"https:\\\/\\\/lyo-robots.eu\\\/#organization\"},\"potentialAction\":[{\"@type\":\"SearchAction\",\"target\":{\"@type\":\"EntryPoint\",\"urlTemplate\":\"https:\\\/\\\/lyo-robots.eu\\\/?s={search_term_string}\"},\"query-input\":{\"@type\":\"PropertyValueSpecification\",\"valueRequired\":true,\"valueName\":\"search_term_string\"}}],\"inLanguage\":\"en-GB\"},{\"@type\":\"Organization\",\"@id\":\"https:\\\/\\\/lyo-robots.eu\\\/#organization\",\"name\":\"Lyo Robots\",\"url\":\"https:\\\/\\\/lyo-robots.eu\\\/\",\"logo\":{\"@type\":\"ImageObject\",\"inLanguage\":\"en-GB\",\"@id\":\"https:\\\/\\\/lyo-robots.eu\\\/#\\\/schema\\\/logo\\\/image\\\/\",\"url\":\"https:\\\/\\\/lyo-robots.eu\\\/wp-content\\\/uploads\\\/2025\\\/07\\\/logo-lyo-robots_couleurs.webp\",\"contentUrl\":\"https:\\\/\\\/lyo-robots.eu\\\/wp-content\\\/uploads\\\/2025\\\/07\\\/logo-lyo-robots_couleurs.webp\",\"width\":1000,\"height\":592,\"caption\":\"Lyo Robots\"},\"image\":{\"@id\":\"https:\\\/\\\/lyo-robots.eu\\\/#\\\/schema\\\/logo\\\/image\\\/\"}}]}<\/script>\n<!-- \/ Yoast SEO plugin. -->","yoast_head_json":{"title":"XL Premier oil vacuum pump - Harvest Right","description":"La pompe \u00e0 vide \u00e0 huile XL Premier Harvest Right, performante et durable pour optimiser la lyophilisation de vos aliments.","robots":{"index":"index","follow":"follow","max-snippet":"max-snippet:-1","max-image-preview":"max-image-preview:large","max-video-preview":"max-video-preview:-1"},"canonical":"https:\/\/lyo-robots.eu\/en\/product\/pompe-a-vide-a-huile-xl-premier-harvest-right\/","og_locale":"en_GB","og_type":"article","og_title":"Pompe \u00e0 vide \u00e0 huile XL premier - Harvest Right","og_description":"La pompe \u00e0 vide \u00e0 huile XL Premier Harvest Right, performante et durable pour optimiser la lyophilisation de vos aliments.","og_url":"https:\/\/lyo-robots.eu\/en\/product\/pompe-a-vide-a-huile-xl-premier-harvest-right\/","og_site_name":"Lyo Robots","article_modified_time":"2025-08-13T14:14:23+00:00","og_image":[{"width":800,"height":800,"url":"https:\/\/lyo-robots.eu\/wp-content\/uploads\/2025\/08\/pompe-a-vide-XL-premier.jpg","type":"image\/jpeg"}],"twitter_card":"summary_large_image","schema":{"@context":"https:\/\/schema.org","@graph":[{"@type":"WebPage","@id":"https:\/\/lyo-robots.eu\/produit\/pompe-a-vide-a-huile-xl-premier-harvest-right\/","url":"https:\/\/lyo-robots.eu\/produit\/pompe-a-vide-a-huile-xl-premier-harvest-right\/","name":"XL Premier oil vacuum pump - Harvest Right","isPartOf":{"@id":"https:\/\/lyo-robots.eu\/#website"},"primaryImageOfPage":{"@id":"https:\/\/lyo-robots.eu\/produit\/pompe-a-vide-a-huile-xl-premier-harvest-right\/#primaryimage"},"image":{"@id":"https:\/\/lyo-robots.eu\/produit\/pompe-a-vide-a-huile-xl-premier-harvest-right\/#primaryimage"},"thumbnailUrl":"https:\/\/lyo-robots.eu\/wp-content\/uploads\/2025\/08\/pompe-a-vide-XL-premier.jpg","datePublished":"2025-08-13T14:10:35+00:00","dateModified":"2025-08-13T14:14:23+00:00","description":"La pompe \u00e0 vide \u00e0 huile XL Premier Harvest Right, performante et durable pour optimiser la lyophilisation de vos aliments.","breadcrumb":{"@id":"https:\/\/lyo-robots.eu\/produit\/pompe-a-vide-a-huile-xl-premier-harvest-right\/#breadcrumb"},"inLanguage":"en-GB","potentialAction":[{"@type":"ReadAction","target":["https:\/\/lyo-robots.eu\/produit\/pompe-a-vide-a-huile-xl-premier-harvest-right\/"]}]},{"@type":"ImageObject","inLanguage":"en-GB","@id":"https:\/\/lyo-robots.eu\/produit\/pompe-a-vide-a-huile-xl-premier-harvest-right\/#primaryimage","url":"https:\/\/lyo-robots.eu\/wp-content\/uploads\/2025\/08\/pompe-a-vide-XL-premier.jpg","contentUrl":"https:\/\/lyo-robots.eu\/wp-content\/uploads\/2025\/08\/pompe-a-vide-XL-premier.jpg","width":800,"height":800,"caption":"Photo Accessoire pompe a vide premium XL - Lyo Robots"},{"@type":"BreadcrumbList","@id":"https:\/\/lyo-robots.eu\/produit\/pompe-a-vide-a-huile-xl-premier-harvest-right\/#breadcrumb","itemListElement":[{"@type":"ListItem","position":1,"name":"Home","item":"https:\/\/lyo-robots.eu\/"},{"@type":"ListItem","position":2,"name":"Produits","item":"https:\/\/lyo-robots.eu\/shop\/"},{"@type":"ListItem","position":3,"name":"Pompe \u00e0 vide \u00e0 huile XL premier &#8211; Harvest Right"}]},{"@type":"WebSite","@id":"https:\/\/lyo-robots.eu\/#website","url":"https:\/\/lyo-robots.eu\/","name":"Lyo Robots","description":"","publisher":{"@id":"https:\/\/lyo-robots.eu\/#organization"},"potentialAction":[{"@type":"SearchAction","target":{"@type":"EntryPoint","urlTemplate":"https:\/\/lyo-robots.eu\/?s={search_term_string}"},"query-input":{"@type":"PropertyValueSpecification","valueRequired":true,"valueName":"search_term_string"}}],"inLanguage":"en-GB"},{"@type":"Organization","@id":"https:\/\/lyo-robots.eu\/#organization","name":"Lyo Robots","url":"https:\/\/lyo-robots.eu\/","logo":{"@type":"ImageObject","inLanguage":"en-GB","@id":"https:\/\/lyo-robots.eu\/#\/schema\/logo\/image\/","url":"https:\/\/lyo-robots.eu\/wp-content\/uploads\/2025\/07\/logo-lyo-robots_couleurs.webp","contentUrl":"https:\/\/lyo-robots.eu\/wp-content\/uploads\/2025\/07\/logo-lyo-robots_couleurs.webp","width":1000,"height":592,"caption":"Lyo Robots"},"image":{"@id":"https:\/\/lyo-robots.eu\/#\/schema\/logo\/image\/"}}]}},"_links":{"self":[{"href":"https:\/\/lyo-robots.eu\/en\/wp-json\/wp\/v2\/product\/1390","targetHints":{"allow":["GET"]}}],"collection":[{"href":"https:\/\/lyo-robots.eu\/en\/wp-json\/wp\/v2\/product"}],"about":[{"href":"https:\/\/lyo-robots.eu\/en\/wp-json\/wp\/v2\/types\/product"}],"version-history":[{"count":4,"href":"https:\/\/lyo-robots.eu\/en\/wp-json\/wp\/v2\/product\/1390\/revisions"}],"predecessor-version":[{"id":1396,"href":"https:\/\/lyo-robots.eu\/en\/wp-json\/wp\/v2\/product\/1390\/revisions\/1396"}],"wp:featuredmedia":[{"embeddable":true,"href":"https:\/\/lyo-robots.eu\/en\/wp-json\/wp\/v2\/media\/1391"}],"wp:attachment":[{"href":"https:\/\/lyo-robots.eu\/en\/wp-json\/wp\/v2\/media?parent=1390"}],"wp:term":[{"taxonomy":"product_brand","embeddable":true,"href":"https:\/\/lyo-robots.eu\/en\/wp-json\/wp\/v2\/product_brand?post=1390"},{"taxonomy":"product_cat","embeddable":true,"href":"https:\/\/lyo-robots.eu\/en\/wp-json\/wp\/v2\/product_cat?post=1390"},{"taxonomy":"product_tag","embeddable":true,"href":"https:\/\/lyo-robots.eu\/en\/wp-json\/wp\/v2\/product_tag?post=1390"}],"curies":[{"name":"wp","href":"https:\/\/api.w.org\/{rel}","templated":true}]}}