{"id":1051,"date":"2025-08-06T12:56:14","date_gmt":"2025-08-06T12:56:14","guid":{"rendered":"https:\/\/lyorobots.com\/index.php\/produit\/sac-mylar-20x30cm-set-de-50-harvest-right29\/"},"modified":"2025-09-11T12:35:05","modified_gmt":"2025-09-11T12:35:05","slug":"sacs-mylar-set-de-50-harvest-right","status":"publish","type":"product","link":"https:\/\/lyo-robots.eu\/en\/product\/sacs-mylar-set-de-50-harvest-right\/","title":{"rendered":"Mylar bags (set of 50) - Harvest Right"},"content":{"rendered":"<div data-elementor-type=\"product-post\" data-elementor-id=\"1051\" class=\"elementor elementor-1051\" data-elementor-settings=\"{&quot;ha_cmc_init_switcher&quot;:&quot;no&quot;}\" data-elementor-post-type=\"product\">\n\t\t\t\t<div class=\"elementor-element elementor-element-2393ad1 e-flex e-con-boxed e-con e-parent\" data-id=\"2393ad1\" data-element_type=\"container\" data-e-type=\"container\" data-settings=\"{&quot;_ha_eqh_enable&quot;:false}\">\n\t\t\t\t\t<div class=\"e-con-inner\">\n\t\t\t\t<div class=\"elementor-element elementor-element-78e0b39 elementor-widget elementor-widget-spacer\" data-id=\"78e0b39\" data-element_type=\"widget\" data-e-type=\"widget\" data-widget_type=\"spacer.default\">\n\t\t\t\t\t\t\t<div class=\"elementor-spacer\">\n\t\t\t<div class=\"elementor-spacer-inner\"><\/div>\n\t\t<\/div>\n\t\t\t\t\t\t<\/div>\n\t\t\t\t\t<\/div>\n\t\t\t\t<\/div>\n\t\t<div class=\"elementor-element elementor-element-a3522a2 e-con-full e-flex e-con e-parent\" data-id=\"a3522a2\" data-element_type=\"container\" data-e-type=\"container\" data-settings=\"{&quot;background_background&quot;:&quot;classic&quot;,&quot;_ha_eqh_enable&quot;:false}\">\n\t\t<div class=\"elementor-element elementor-element-1b14cec e-flex e-con-boxed e-con e-child\" data-id=\"1b14cec\" data-element_type=\"container\" data-e-type=\"container\" data-settings=\"{&quot;_ha_eqh_enable&quot;:false}\">\n\t\t\t\t\t<div class=\"e-con-inner\">\n\t\t\t\t<div class=\"elementor-element elementor-element-74a79b9 elementor-widget elementor-widget-heading\" data-id=\"74a79b9\" data-element_type=\"widget\" data-e-type=\"widget\" data-widget_type=\"heading.default\">\n\t\t\t\t\t<h2 class=\"elementor-heading-title elementor-size-default\">How do you use it?<\/h2>\t\t\t\t<\/div>\n\t\t\t\t<div class=\"elementor-element elementor-element-2d18be8 e-n-tabs-mobile elementor-widget elementor-widget-n-tabs\" data-id=\"2d18be8\" data-element_type=\"widget\" data-e-type=\"widget\" data-settings=\"{&quot;tabs_justify_horizontal&quot;:&quot;start&quot;,&quot;tabs_justify_horizontal_tablet&quot;:&quot;center&quot;,&quot;horizontal_scroll&quot;:&quot;disable&quot;}\" data-widget_type=\"nested-tabs.default\">\n\t\t\t\t\t\t\t<div class=\"e-n-tabs\" data-widget-number=\"47287272\" aria-label=\"Schede. Apri gli elementi con Invio o Spazio, chiudili con Esc e naviga con i tasti freccia.\" data-no-translation-aria-label=\"\">\n\t\t\t<div class=\"e-n-tabs-heading\" role=\"tablist\">\n\t\t\t\t\t<button id=\"e-n-tab-title-472872721\" data-tab-title-id=\"e-n-tab-title-472872721\" class=\"e-n-tab-title\" aria-selected=\"true\" data-tab-index=\"1\" role=\"tab\" tabindex=\"0\" aria-controls=\"e-n-tab-content-472872721\" style=\"--n-tabs-title-order: 1;\">\n\t\t\t\t\t\t<span class=\"e-n-tab-title-text\">\n\t\t\t\t1\t\t\t<\/span>\n\t\t<\/button>\n\t\t\t\t<button id=\"e-n-tab-title-472872722\" data-tab-title-id=\"e-n-tab-title-472872722\" class=\"e-n-tab-title\" aria-selected=\"false\" data-tab-index=\"2\" role=\"tab\" tabindex=\"-1\" aria-controls=\"e-n-tab-content-472872722\" style=\"--n-tabs-title-order: 2;\">\n\t\t\t\t\t\t<span class=\"e-n-tab-title-text\">\n\t\t\t\t2\t\t\t<\/span>\n\t\t<\/button>\n\t\t\t\t<button id=\"e-n-tab-title-472872723\" data-tab-title-id=\"e-n-tab-title-472872723\" class=\"e-n-tab-title\" aria-selected=\"false\" data-tab-index=\"3\" role=\"tab\" tabindex=\"-1\" aria-controls=\"e-n-tab-content-472872723\" style=\"--n-tabs-title-order: 3;\">\n\t\t\t\t\t\t<span class=\"e-n-tab-title-text\">\n\t\t\t\t3\t\t\t<\/span>\n\t\t<\/button>\n\t\t\t\t<button id=\"e-n-tab-title-472872724\" data-tab-title-id=\"e-n-tab-title-472872724\" class=\"e-n-tab-title\" aria-selected=\"false\" data-tab-index=\"4\" role=\"tab\" tabindex=\"-1\" aria-controls=\"e-n-tab-content-472872724\" style=\"--n-tabs-title-order: 4;\">\n\t\t\t\t\t\t<span class=\"e-n-tab-title-text\">\n\t\t\t\t4\t\t\t<\/span>\n\t\t<\/button>\n\t\t\t\t\t<\/div>\n\t\t\t<div class=\"e-n-tabs-content\">\n\t\t\t\t<div id=\"e-n-tab-content-472872721\" role=\"tabpanel\" aria-labelledby=\"e-n-tab-title-472872721\" data-tab-index=\"1\" style=\"--n-tabs-title-order: 1;\" class=\"e-active elementor-element elementor-element-fd0f534 e-con-full e-flex e-con e-child\" data-id=\"fd0f534\" data-element_type=\"container\" data-e-type=\"container\" data-settings=\"{&quot;_ha_eqh_enable&quot;:false}\">\n\t\t\t\t<div class=\"elementor-element elementor-element-44c4172 elementor-widget elementor-widget-text-editor\" data-id=\"44c4172\" data-element_type=\"widget\" data-e-type=\"widget\" data-widget_type=\"text-editor.default\">\n\t\t\t\t\t\t\t\t\t<p>Fill the Mylar bag with the product you want to store, then add an oxygen absorber.<\/p>\t\t\t\t\t\t\t\t<\/div>\n\t\t\t\t<\/div>\n\t\t<div id=\"e-n-tab-content-472872722\" role=\"tabpanel\" aria-labelledby=\"e-n-tab-title-472872722\" data-tab-index=\"2\" style=\"--n-tabs-title-order: 2;\" class=\"elementor-element elementor-element-2624b73 e-con-full e-flex e-con e-child\" data-id=\"2624b73\" data-element_type=\"container\" data-e-type=\"container\" data-settings=\"{&quot;_ha_eqh_enable&quot;:false}\">\n\t\t\t\t<div class=\"elementor-element elementor-element-eca7e11 elementor-widget elementor-widget-text-editor\" data-id=\"eca7e11\" data-element_type=\"widget\" data-e-type=\"widget\" data-widget_type=\"text-editor.default\">\n\t\t\t\t\t\t\t\t\t<p>Expel as much air as possible from the bag.<\/p>\t\t\t\t\t\t\t\t<\/div>\n\t\t\t\t<\/div>\n\t\t<div id=\"e-n-tab-content-472872723\" role=\"tabpanel\" aria-labelledby=\"e-n-tab-title-472872723\" data-tab-index=\"3\" style=\"--n-tabs-title-order: 3;\" class=\"elementor-element elementor-element-a7cf06d e-con-full e-flex e-con e-child\" data-id=\"a7cf06d\" data-element_type=\"container\" data-e-type=\"container\" data-settings=\"{&quot;_ha_eqh_enable&quot;:false}\">\n\t\t\t\t<div class=\"elementor-element elementor-element-83a8f19 elementor-widget elementor-widget-text-editor\" data-id=\"83a8f19\" data-element_type=\"widget\" data-e-type=\"widget\" data-widget_type=\"text-editor.default\">\n\t\t\t\t\t\t\t\t\t<p>Seal the bag hermetically using an impulse sealer.<\/p>\t\t\t\t\t\t\t\t<\/div>\n\t\t\t\t<\/div>\n\t\t<div id=\"e-n-tab-content-472872724\" role=\"tabpanel\" aria-labelledby=\"e-n-tab-title-472872724\" data-tab-index=\"4\" style=\"--n-tabs-title-order: 4;\" class=\"elementor-element elementor-element-b5d2eb2 e-con-full e-flex e-con e-child\" data-id=\"b5d2eb2\" data-element_type=\"container\" data-e-type=\"container\" data-settings=\"{&quot;_ha_eqh_enable&quot;:false}\">\n\t\t\t\t<div class=\"elementor-element elementor-element-de76c9d elementor-widget elementor-widget-text-editor\" data-id=\"de76c9d\" data-element_type=\"widget\" data-e-type=\"widget\" data-widget_type=\"text-editor.default\">\n\t\t\t\t\t\t\t\t\t<p>Store in a cool, dry place for optimum preservation.<\/p>\t\t\t\t\t\t\t\t<\/div>\n\t\t\t\t<\/div>\n\t\t\t\t\t<\/div>\n\t\t<\/div>\n\t\t\t\t\t\t<\/div>\n\t\t\t\t<div class=\"elementor-element elementor-element-a5974d9 elementor-widget elementor-widget-button\" data-id=\"a5974d9\" data-element_type=\"widget\" data-e-type=\"widget\" data-widget_type=\"button.default\">\n\t\t\t\t\t\t\t\t\t\t<a class=\"elementor-button elementor-button-link elementor-size-sm\" href=\"https:\/\/lyorobots.com\/contact\/\">\n\t\t\t\t\t\t<span class=\"elementor-button-content-wrapper\">\n\t\t\t\t\t\t\t\t\t<span class=\"elementor-button-text\">Need more information?<\/span>\n\t\t\t\t\t<\/span>\n\t\t\t\t\t<\/a>\n\t\t\t\t\t\t\t\t<\/div>\n\t\t\t\t\t<\/div>\n\t\t\t\t<\/div>\n\t\t<div class=\"elementor-element elementor-element-ac0127a e-flex e-con-boxed e-con e-child\" data-id=\"ac0127a\" data-element_type=\"container\" data-e-type=\"container\" data-settings=\"{&quot;_ha_eqh_enable&quot;:false}\">\n\t\t\t\t\t<div class=\"e-con-inner\">\n\t\t\t\t<div class=\"elementor-element elementor-element-30f53a7 elementor-widget elementor-widget-image\" data-id=\"30f53a7\" data-element_type=\"widget\" data-e-type=\"widget\" data-widget_type=\"image.default\">\n\t\t\t\t\t\t\t\t\t\t\t\t\t\t\t<img decoding=\"async\" width=\"800\" height=\"800\" src=\"https:\/\/lyo-robots.eu\/wp-content\/uploads\/2025\/08\/sacs-mylar.png\" class=\"attachment-large size-large wp-image-1354\" alt=\"Photo sans fond Accessoire sacs mylar - Lyo Robots\" loading=\"lazy\" srcset=\"https:\/\/lyo-robots.eu\/wp-content\/uploads\/2025\/08\/sacs-mylar.png 800w, https:\/\/lyo-robots.eu\/wp-content\/uploads\/2025\/08\/sacs-mylar-300x300.png 300w, https:\/\/lyo-robots.eu\/wp-content\/uploads\/2025\/08\/sacs-mylar-100x100.png 100w, https:\/\/lyo-robots.eu\/wp-content\/uploads\/2025\/08\/sacs-mylar-600x600.png 600w, https:\/\/lyo-robots.eu\/wp-content\/uploads\/2025\/08\/sacs-mylar-150x150.png 150w, https:\/\/lyo-robots.eu\/wp-content\/uploads\/2025\/08\/sacs-mylar-768x768.png 768w\" sizes=\"auto, (max-width: 800px) 100vw, 800px\" \/>\t\t\t\t\t\t\t\t\t\t\t\t\t\t\t<\/div>\n\t\t\t\t\t<\/div>\n\t\t\t\t<\/div>\n\t\t\t\t<\/div>\n\t\t\t\t<\/div>","protected":false},"excerpt":{"rendered":"<p>Optimise your storage with our economical pack of 50 Mylar Bags. Specially designed for long-term storage, these bags offer a robust barrier against the elements, ensuring your products stay fresh and in perfect condition.<\/p>","protected":false},"featured_media":1355,"template":"","meta":{"_acf_changed":false},"product_brand":[],"product_cat":[75],"product_tag":[],"class_list":{"0":"post-1051","1":"product","2":"type-product","3":"status-publish","4":"has-post-thumbnail","6":"product_cat-accessoires","8":"first","9":"instock","10":"taxable","11":"shipping-taxable","12":"purchasable","13":"product-type-variable"},"acf":[],"yoast_head":"<!-- This site is optimized with the Yoast SEO plugin v27.3 - https:\/\/yoast.com\/product\/yoast-seo-wordpress\/ -->\n<title>Sacs Mylar (set de 50) - Harvest Right<\/title>\n<meta name=\"description\" content=\"Prot\u00e9gez vos aliments avec le set de 50 sacs Mylar Harvest Right. Id\u00e9al pour la conservation longue dur\u00e9e, \u00e9tanche \u00e0 l\u2019air et \u00e0 la lumi\u00e8re.\" \/>\n<meta name=\"robots\" content=\"index, follow, max-snippet:-1, max-image-preview:large, max-video-preview:-1\" \/>\n<link rel=\"canonical\" href=\"https:\/\/lyo-robots.eu\/en\/product\/sacs-mylar-set-de-50-harvest-right\/\" \/>\n<meta property=\"og:locale\" content=\"en_GB\" \/>\n<meta property=\"og:type\" content=\"article\" \/>\n<meta property=\"og:title\" content=\"Sacs Mylar (set de 50) - Harvest Right\" \/>\n<meta property=\"og:description\" content=\"Prot\u00e9gez vos aliments avec le set de 50 sacs Mylar Harvest Right. Id\u00e9al pour la conservation longue dur\u00e9e, \u00e9tanche \u00e0 l\u2019air et \u00e0 la lumi\u00e8re.\" \/>\n<meta property=\"og:url\" content=\"https:\/\/lyo-robots.eu\/en\/product\/sacs-mylar-set-de-50-harvest-right\/\" \/>\n<meta property=\"og:site_name\" content=\"Lyo Robots\" \/>\n<meta property=\"article:modified_time\" content=\"2025-09-11T12:35:05+00:00\" \/>\n<meta property=\"og:image\" content=\"https:\/\/lyo-robots.eu\/wp-content\/uploads\/2025\/08\/img-mylar-26-36.jpg\" \/>\n\t<meta property=\"og:image:width\" content=\"800\" \/>\n\t<meta property=\"og:image:height\" content=\"800\" \/>\n\t<meta property=\"og:image:type\" content=\"image\/jpeg\" \/>\n<meta name=\"twitter:card\" content=\"summary_large_image\" \/>\n<script type=\"application\/ld+json\" class=\"yoast-schema-graph\">{\"@context\":\"https:\\\/\\\/schema.org\",\"@graph\":[{\"@type\":\"WebPage\",\"@id\":\"https:\\\/\\\/lyo-robots.eu\\\/produit\\\/sacs-mylar-set-de-50-harvest-right\\\/\",\"url\":\"https:\\\/\\\/lyo-robots.eu\\\/produit\\\/sacs-mylar-set-de-50-harvest-right\\\/\",\"name\":\"Sacs Mylar (set de 50) - Harvest Right\",\"isPartOf\":{\"@id\":\"https:\\\/\\\/lyo-robots.eu\\\/#website\"},\"primaryImageOfPage\":{\"@id\":\"https:\\\/\\\/lyo-robots.eu\\\/produit\\\/sacs-mylar-set-de-50-harvest-right\\\/#primaryimage\"},\"image\":{\"@id\":\"https:\\\/\\\/lyo-robots.eu\\\/produit\\\/sacs-mylar-set-de-50-harvest-right\\\/#primaryimage\"},\"thumbnailUrl\":\"https:\\\/\\\/lyo-robots.eu\\\/wp-content\\\/uploads\\\/2025\\\/08\\\/img-mylar-26-36.jpg\",\"datePublished\":\"2025-08-06T12:56:14+00:00\",\"dateModified\":\"2025-09-11T12:35:05+00:00\",\"description\":\"Prot\u00e9gez vos aliments avec le set de 50 sacs Mylar Harvest Right. Id\u00e9al pour la conservation longue dur\u00e9e, \u00e9tanche \u00e0 l\u2019air et \u00e0 la lumi\u00e8re.\",\"breadcrumb\":{\"@id\":\"https:\\\/\\\/lyo-robots.eu\\\/produit\\\/sacs-mylar-set-de-50-harvest-right\\\/#breadcrumb\"},\"inLanguage\":\"en-GB\",\"potentialAction\":[{\"@type\":\"ReadAction\",\"target\":[\"https:\\\/\\\/lyo-robots.eu\\\/produit\\\/sacs-mylar-set-de-50-harvest-right\\\/\"]}]},{\"@type\":\"ImageObject\",\"inLanguage\":\"en-GB\",\"@id\":\"https:\\\/\\\/lyo-robots.eu\\\/produit\\\/sacs-mylar-set-de-50-harvest-right\\\/#primaryimage\",\"url\":\"https:\\\/\\\/lyo-robots.eu\\\/wp-content\\\/uploads\\\/2025\\\/08\\\/img-mylar-26-36.jpg\",\"contentUrl\":\"https:\\\/\\\/lyo-robots.eu\\\/wp-content\\\/uploads\\\/2025\\\/08\\\/img-mylar-26-36.jpg\",\"width\":800,\"height\":800,\"caption\":\"Photo Accessoire sacs mylar - Lyo Robots\"},{\"@type\":\"BreadcrumbList\",\"@id\":\"https:\\\/\\\/lyo-robots.eu\\\/produit\\\/sacs-mylar-set-de-50-harvest-right\\\/#breadcrumb\",\"itemListElement\":[{\"@type\":\"ListItem\",\"position\":1,\"name\":\"Home\",\"item\":\"https:\\\/\\\/lyo-robots.eu\\\/\"},{\"@type\":\"ListItem\",\"position\":2,\"name\":\"Produits\",\"item\":\"https:\\\/\\\/lyo-robots.eu\\\/shop\\\/\"},{\"@type\":\"ListItem\",\"position\":3,\"name\":\"Sacs Mylar (set de 50) &#8211; Harvest Right\"}]},{\"@type\":\"WebSite\",\"@id\":\"https:\\\/\\\/lyo-robots.eu\\\/#website\",\"url\":\"https:\\\/\\\/lyo-robots.eu\\\/\",\"name\":\"Lyo Robots\",\"description\":\"\",\"publisher\":{\"@id\":\"https:\\\/\\\/lyo-robots.eu\\\/#organization\"},\"potentialAction\":[{\"@type\":\"SearchAction\",\"target\":{\"@type\":\"EntryPoint\",\"urlTemplate\":\"https:\\\/\\\/lyo-robots.eu\\\/?s={search_term_string}\"},\"query-input\":{\"@type\":\"PropertyValueSpecification\",\"valueRequired\":true,\"valueName\":\"search_term_string\"}}],\"inLanguage\":\"en-GB\"},{\"@type\":\"Organization\",\"@id\":\"https:\\\/\\\/lyo-robots.eu\\\/#organization\",\"name\":\"Lyo Robots\",\"url\":\"https:\\\/\\\/lyo-robots.eu\\\/\",\"logo\":{\"@type\":\"ImageObject\",\"inLanguage\":\"en-GB\",\"@id\":\"https:\\\/\\\/lyo-robots.eu\\\/#\\\/schema\\\/logo\\\/image\\\/\",\"url\":\"https:\\\/\\\/lyo-robots.eu\\\/wp-content\\\/uploads\\\/2025\\\/07\\\/logo-lyo-robots_couleurs.webp\",\"contentUrl\":\"https:\\\/\\\/lyo-robots.eu\\\/wp-content\\\/uploads\\\/2025\\\/07\\\/logo-lyo-robots_couleurs.webp\",\"width\":1000,\"height\":592,\"caption\":\"Lyo Robots\"},\"image\":{\"@id\":\"https:\\\/\\\/lyo-robots.eu\\\/#\\\/schema\\\/logo\\\/image\\\/\"}}]}<\/script>\n<!-- \/ Yoast SEO plugin. -->","yoast_head_json":{"title":"Sacs Mylar (set de 50) - Harvest Right","description":"Prot\u00e9gez vos aliments avec le set de 50 sacs Mylar Harvest Right. Id\u00e9al pour la conservation longue dur\u00e9e, \u00e9tanche \u00e0 l\u2019air et \u00e0 la lumi\u00e8re.","robots":{"index":"index","follow":"follow","max-snippet":"max-snippet:-1","max-image-preview":"max-image-preview:large","max-video-preview":"max-video-preview:-1"},"canonical":"https:\/\/lyo-robots.eu\/en\/product\/sacs-mylar-set-de-50-harvest-right\/","og_locale":"en_GB","og_type":"article","og_title":"Sacs Mylar (set de 50) - Harvest Right","og_description":"Prot\u00e9gez vos aliments avec le set de 50 sacs Mylar Harvest Right. Id\u00e9al pour la conservation longue dur\u00e9e, \u00e9tanche \u00e0 l\u2019air et \u00e0 la lumi\u00e8re.","og_url":"https:\/\/lyo-robots.eu\/en\/product\/sacs-mylar-set-de-50-harvest-right\/","og_site_name":"Lyo Robots","article_modified_time":"2025-09-11T12:35:05+00:00","og_image":[{"width":800,"height":800,"url":"https:\/\/lyo-robots.eu\/wp-content\/uploads\/2025\/08\/img-mylar-26-36.jpg","type":"image\/jpeg"}],"twitter_card":"summary_large_image","schema":{"@context":"https:\/\/schema.org","@graph":[{"@type":"WebPage","@id":"https:\/\/lyo-robots.eu\/produit\/sacs-mylar-set-de-50-harvest-right\/","url":"https:\/\/lyo-robots.eu\/produit\/sacs-mylar-set-de-50-harvest-right\/","name":"Sacs Mylar (set de 50) - Harvest Right","isPartOf":{"@id":"https:\/\/lyo-robots.eu\/#website"},"primaryImageOfPage":{"@id":"https:\/\/lyo-robots.eu\/produit\/sacs-mylar-set-de-50-harvest-right\/#primaryimage"},"image":{"@id":"https:\/\/lyo-robots.eu\/produit\/sacs-mylar-set-de-50-harvest-right\/#primaryimage"},"thumbnailUrl":"https:\/\/lyo-robots.eu\/wp-content\/uploads\/2025\/08\/img-mylar-26-36.jpg","datePublished":"2025-08-06T12:56:14+00:00","dateModified":"2025-09-11T12:35:05+00:00","description":"Prot\u00e9gez vos aliments avec le set de 50 sacs Mylar Harvest Right. Id\u00e9al pour la conservation longue dur\u00e9e, \u00e9tanche \u00e0 l\u2019air et \u00e0 la lumi\u00e8re.","breadcrumb":{"@id":"https:\/\/lyo-robots.eu\/produit\/sacs-mylar-set-de-50-harvest-right\/#breadcrumb"},"inLanguage":"en-GB","potentialAction":[{"@type":"ReadAction","target":["https:\/\/lyo-robots.eu\/produit\/sacs-mylar-set-de-50-harvest-right\/"]}]},{"@type":"ImageObject","inLanguage":"en-GB","@id":"https:\/\/lyo-robots.eu\/produit\/sacs-mylar-set-de-50-harvest-right\/#primaryimage","url":"https:\/\/lyo-robots.eu\/wp-content\/uploads\/2025\/08\/img-mylar-26-36.jpg","contentUrl":"https:\/\/lyo-robots.eu\/wp-content\/uploads\/2025\/08\/img-mylar-26-36.jpg","width":800,"height":800,"caption":"Photo Accessoire sacs mylar - Lyo Robots"},{"@type":"BreadcrumbList","@id":"https:\/\/lyo-robots.eu\/produit\/sacs-mylar-set-de-50-harvest-right\/#breadcrumb","itemListElement":[{"@type":"ListItem","position":1,"name":"Home","item":"https:\/\/lyo-robots.eu\/"},{"@type":"ListItem","position":2,"name":"Produits","item":"https:\/\/lyo-robots.eu\/shop\/"},{"@type":"ListItem","position":3,"name":"Sacs Mylar (set de 50) &#8211; Harvest Right"}]},{"@type":"WebSite","@id":"https:\/\/lyo-robots.eu\/#website","url":"https:\/\/lyo-robots.eu\/","name":"Lyo Robots","description":"","publisher":{"@id":"https:\/\/lyo-robots.eu\/#organization"},"potentialAction":[{"@type":"SearchAction","target":{"@type":"EntryPoint","urlTemplate":"https:\/\/lyo-robots.eu\/?s={search_term_string}"},"query-input":{"@type":"PropertyValueSpecification","valueRequired":true,"valueName":"search_term_string"}}],"inLanguage":"en-GB"},{"@type":"Organization","@id":"https:\/\/lyo-robots.eu\/#organization","name":"Lyo Robots","url":"https:\/\/lyo-robots.eu\/","logo":{"@type":"ImageObject","inLanguage":"en-GB","@id":"https:\/\/lyo-robots.eu\/#\/schema\/logo\/image\/","url":"https:\/\/lyo-robots.eu\/wp-content\/uploads\/2025\/07\/logo-lyo-robots_couleurs.webp","contentUrl":"https:\/\/lyo-robots.eu\/wp-content\/uploads\/2025\/07\/logo-lyo-robots_couleurs.webp","width":1000,"height":592,"caption":"Lyo Robots"},"image":{"@id":"https:\/\/lyo-robots.eu\/#\/schema\/logo\/image\/"}}]}},"_links":{"self":[{"href":"https:\/\/lyo-robots.eu\/en\/wp-json\/wp\/v2\/product\/1051","targetHints":{"allow":["GET"]}}],"collection":[{"href":"https:\/\/lyo-robots.eu\/en\/wp-json\/wp\/v2\/product"}],"about":[{"href":"https:\/\/lyo-robots.eu\/en\/wp-json\/wp\/v2\/types\/product"}],"version-history":[{"count":12,"href":"https:\/\/lyo-robots.eu\/en\/wp-json\/wp\/v2\/product\/1051\/revisions"}],"predecessor-version":[{"id":1883,"href":"https:\/\/lyo-robots.eu\/en\/wp-json\/wp\/v2\/product\/1051\/revisions\/1883"}],"wp:featuredmedia":[{"embeddable":true,"href":"https:\/\/lyo-robots.eu\/en\/wp-json\/wp\/v2\/media\/1355"}],"wp:attachment":[{"href":"https:\/\/lyo-robots.eu\/en\/wp-json\/wp\/v2\/media?parent=1051"}],"wp:term":[{"taxonomy":"product_brand","embeddable":true,"href":"https:\/\/lyo-robots.eu\/en\/wp-json\/wp\/v2\/product_brand?post=1051"},{"taxonomy":"product_cat","embeddable":true,"href":"https:\/\/lyo-robots.eu\/en\/wp-json\/wp\/v2\/product_cat?post=1051"},{"taxonomy":"product_tag","embeddable":true,"href":"https:\/\/lyo-robots.eu\/en\/wp-json\/wp\/v2\/product_tag?post=1051"}],"curies":[{"name":"wp","href":"https:\/\/api.w.org\/{rel}","templated":true}]}}